{"id":1081,"date":"2023-07-14T12:38:30","date_gmt":"2023-07-14T12:38:30","guid":{"rendered":"https:\/\/palazzovetrano.it\/?page_id=1081"},"modified":"2023-07-14T12:38:30","modified_gmt":"2023-07-14T12:38:30","slug":"datenschutz","status":"publish","type":"page","link":"https:\/\/palazzovetrano.it\/zh\/data-trpgettextoriginaldatenschutz\/","title":{"rendered":"\u6570\u636e\u4fdd\u62a4"},"content":{"rendered":"<p>\u4e00\u822c\u4fe1\u606f\uff1a<\/p>\n<p>\u4ee5\u4e0b\u9690\u79c1\u653f\u7b56\u6982\u8ff0\u4e86\u5728\u60a8\u4f7f\u7528\u672c\u7f51\u7ad9\u65f6\uff0c\u6211\u4eec\u5982\u4f55\u6536\u96c6\u3001\u5904\u7406\u548c\u4fdd\u62a4\u60a8\u7684\u4e2a\u4eba\u6570\u636e\u3002\u4e2a\u4eba\u6570\u636e\u662f\u6307\u53ef\u4ee5\u8bc6\u522b\u60a8\u4e2a\u4eba\u8eab\u4efd\u7684\u6240\u6709\u6570\u636e\u3002\u6570\u636e\u4fdd\u62a4\u7684\u6cd5\u5f8b\u4f9d\u636e\u89c1\u300a\u5fb7\u56fd\u8054\u90a6\u6570\u636e\u4fdd\u62a4\u6cd5\u300b\uff08BDSG\uff09\u548c\u300a\u5fb7\u56fd\u7535\u4fe1\u5a92\u4f53\u6cd5\u300b\uff08TMG\uff09\u3002<\/p>\n<h2>\u6258\u7ba1\uff08\u5728 Dogado\uff09\uff1a<\/h2>\n<p>\u672c\u7f51\u7ad9\u7531\u5916\u90e8\u670d\u52a1\u63d0\u4f9b\u5546 Dogado GmbH \u6258\u7ba1\u3002\u8be5\u670d\u52a1\u63d0\u4f9b\u5546\u4e3a\u7f51\u7ad9\u7684\u8fd0\u884c\u63d0\u4f9b\u6280\u672f\u57fa\u7840\u8bbe\u65bd\u3002\u5728\u5904\u7406\u8fc7\u7a0b\u4e2d\uff0c\u4f1a\u6536\u96c6\u5e76\u5b58\u50a8 IP \u5730\u5740\u3001\u8bbf\u95ee\u65f6\u95f4\u548c\u6240\u7528\u6d4f\u89c8\u5668\u4fe1\u606f\u7b49\u6280\u672f\u6570\u636e\u3002\u8fd9\u4e9b\u6570\u636e\u7528\u4e8e\u786e\u4fdd\u7f51\u7ad9\u7684\u987a\u5229\u8fd0\u884c\u548c\u6570\u636e\u7684\u5b89\u5168\u3002<\/p>\n<h2>\u4e00\u822c\u8bf4\u660e\u548c\u5fc5\u586b\u4fe1\u606f\uff1a<\/h2>\n<p>\u8d1f\u8d23\u673a\u6784\uff1a<\/p>\n<p>\u9a6c\u514b-\u6d77\u65af\u6839<\/p>\n<p>Jagowstr.<\/p>\n<p>10555 \u67cf\u6797 \u5fb7\u56fd<\/p>\n<p>\u7535\u5b50\u90ae\u4ef6 <a href=\"mailto:contact@planBwagen.de\" target=\"_new\" rel=\"noopener\">contact@palazzovetrano.it<\/a><\/p>\n<p>\u6570\u636e\u5904\u7406\u7684\u6cd5\u5f8b\u4f9d\u636e\uff1a\u4e2a\u4eba\u6570\u636e\u7684\u5904\u7406\u57fa\u4e8e\u60a8\u7684\u540c\u610f\uff08GDPR \u7b2c 6 \u6761\u7b2c 1 \u6b3e a \u9879\uff09\u548c\/\u6216\u5c65\u884c\u5408\u540c\u6216\u5408\u540c\u524d\u63aa\u65bd\uff08GDPR \u7b2c 6 \u6761\u7b2c 1 \u6b3e b \u9879\uff09\u548c\/\u6216\u6cd5\u5f8b\u8981\u6c42\uff08GDPR \u7b2c 6 \u6761\u7b2c 1 \u6b3e c \u9879\uff09\u3002<\/p>\n<p>\u4fdd\u5b58\u671f\u9650\uff1a\u4e2a\u4eba\u6570\u636e\u7684\u4fdd\u5b58\u671f\u9650\u4ec5\u9650\u4e8e\u5b9e\u73b0\u76f8\u5173\u76ee\u7684\u6240\u9700\u7684\u65f6\u95f4\uff0c\u6216\u8005\u5728\u60a8\u64a4\u9500\u540c\u610f\u4e4b\u524d\u3002\u5982\u679c\u9002\u7528\u6cd5\u5b9a\u4fdd\u5b58\u671f\u9650\uff0c\u5219\u4f1a\u76f8\u5e94\u5730\u4fdd\u5b58\u6570\u636e\u3002<\/p>\n<p>\u672c\u7f51\u7ad9\u7684\u6570\u636e\u6536\u96c6\uff1a<\/p>\n<h2>\u997c\u5e72<\/h2>\n<p>\u672c\u7f51\u7ad9\u4f7f\u7528 Cookie\u3002Cookie \u662f\u5b58\u50a8\u5728\u60a8\u7ec8\u7aef\u8bbe\u5907\u4e0a\u7684\u5c0f\u578b\u6587\u672c\u6587\u4ef6\uff0c\u5305\u542b\u67d0\u4e9b\u4fe1\u606f\u3002\u5b83\u4eec\u7528\u4e8e\u4f7f\u7f51\u7ad9\u66f4\u52a0\u53cb\u597d\u3001\u6709\u6548\u548c\u5b89\u5168\u3002\u60a8\u53ef\u4ee5\u5bf9\u6d4f\u89c8\u5668\u8fdb\u884c\u8bbe\u7f6e\uff0c\u4ee5\u4fbf\u4e86\u89e3 Cookie \u7684\u8bbe\u7f6e\u60c5\u51b5\uff0c\u4ec5\u5728\u4e2a\u522b\u60c5\u51b5\u4e0b\u5141\u8bb8\u4f7f\u7528 Cookie\uff0c\u5728\u67d0\u4e9b\u60c5\u51b5\u4e0b\u6216\u5728\u4e00\u822c\u60c5\u51b5\u4e0b\u4e0d\u63a5\u53d7 Cookie\uff0c\u4ee5\u53ca\u5728\u5173\u95ed\u6d4f\u89c8\u5668\u65f6\u6fc0\u6d3b\u81ea\u52a8\u5220\u9664 Cookie \u7684\u529f\u80fd\u3002\u5982\u679c\u505c\u7528 cookie\uff0c\u672c\u7f51\u7ad9\u7684\u529f\u80fd\u53ef\u80fd\u4f1a\u53d7\u5230\u9650\u5236\u3002<\/p>\n<h2>\u8054\u7cfb\u8868\u683c\uff1a<\/h2>\n<p>\u5982\u679c\u60a8\u4f7f\u7528\u672c\u7f51\u7ad9\u4e0a\u7684\u8054\u7cfb\u8868\uff0c\u60a8\u8f93\u5165\u7684\u6570\u636e\u5c06\u88ab\u4fdd\u5b58\uff0c\u4ee5\u4fbf\u5904\u7406\u60a8\u7684\u8be2\u95ee\u548c\u53ef\u80fd\u7684\u540e\u7eed\u95ee\u9898\u3002\u672a\u7ecf\u60a8\u7684\u540c\u610f\uff0c\u6211\u4eec\u4e0d\u4f1a\u900f\u9732\u8fd9\u4e9b\u6570\u636e\u3002<\/p>\n<p>\u901a\u8fc7\u7535\u5b50\u90ae\u4ef6\u3001\u7535\u8bdd\u6216\u4f20\u771f\u8fdb\u884c\u67e5\u8be2\uff1a<\/p>\n<p>\u5982\u679c\u60a8\u901a\u8fc7\u7535\u5b50\u90ae\u4ef6\u3001\u7535\u8bdd\u6216\u4f20\u771f\u4e0e\u6211\u4eec\u8054\u7cfb\uff0c\u6211\u4eec\u5c06\u4fdd\u5b58\u5e76\u5904\u7406\u60a8\u7684\u8be6\u7ec6\u8d44\u6599\uff0c\u4ee5\u4fbf\u5904\u7406\u60a8\u7684\u8be2\u95ee\u548c\u53ef\u80fd\u7684\u540e\u7eed\u95ee\u9898\u3002<\/p>\n<h2>\u793e\u4ea4\u5a92\u4f53\u63d2\u4ef6\uff1a<\/h2>\n<p>\u672c\u7f51\u7ad9\u4f7f\u7528 Facebook\u3001YouTube\u3001LinkedIn \u548c Instagram \u7684\u793e\u4ea4\u5a92\u4f53\u63d2\u4ef6\uff0c\u4e3a\u60a8\u63d0\u4f9b\u5206\u4eab\u5185\u5bb9\u6216\u8bbf\u95ee\u67d0\u4e9b\u8d44\u6599\u7684\u673a\u4f1a\u3002\u5f53\u60a8\u8bbf\u95ee\u672c\u7f51\u7ad9\u4e0a\u5305\u542b\u6b64\u7c7b\u63d2\u4ef6\u7684\u9875\u9762\u65f6\uff0c\u4f1a\u4e0e\u76f8\u5e94\u793e\u4ea4\u5a92\u4f53\u5e73\u53f0\u7684\u670d\u52a1\u5668\u5efa\u7acb\u8fde\u63a5\u3002\u9664\u5176\u4ed6\u5916\uff0c\u60a8\u7684 IP \u5730\u5740\u548c\u60a8\u8bbf\u95ee\u8fc7\u7684\u9875\u9762\u4fe1\u606f\u4e5f\u4f1a\u88ab\u4f20\u9001\u5230\u670d\u52a1\u5668\u3002\u5982\u679c\u60a8\u540c\u65f6\u767b\u5f55\u4e86\u76f8\u5e94\u7684\u5e73\u53f0\uff0c\u8be5\u5e73\u53f0\u4f1a\u5c06\u60a8\u7684\u8bbf\u95ee\u5f52\u5165\u60a8\u7684\u7528\u6237\u8d26\u6237\u3002\u6709\u5173\u793e\u4ea4\u5a92\u4f53\u5e73\u53f0\u4f7f\u7528\u60a8\u7684\u6570\u636e\u7684\u66f4\u591a\u4fe1\u606f\uff0c\u8bf7\u53c2\u9605\u76f8\u5173\u63d0\u4f9b\u5546\u7684\u9690\u79c1\u653f\u7b56\u3002<\/p>\n<h2>\u8c37\u6b4c\u5206\u6790\uff1a<\/h2>\n<p>\u672c\u7f51\u7ad9\u4f7f\u7528\u8c37\u6b4c\u516c\u53f8\uff08Google LLC\uff09\u63d0\u4f9b\u7684\u8c37\u6b4c\u5206\u6790\uff08Google Analytics\uff09\u7f51\u7edc\u5206\u6790\u670d\u52a1\u3002\u8c37\u6b4c\u5206\u6790\u4f7f\u7528 Cookie\uff0c\u8fd9\u4e9b Cookie \u4f1a\u5b58\u50a8\u5728\u60a8\u7684\u8bbe\u5907\u4e0a\uff0c\u4ee5\u4fbf\u5bf9\u60a8\u4f7f\u7528\u672c\u7f51\u7ad9\u7684\u60c5\u51b5\u8fdb\u884c\u5206\u6790\u3002\u7531 Cookie \u751f\u6210\u7684\u6709\u5173\u60a8\u4f7f\u7528\u672c\u7f51\u7ad9\u7684\u4fe1\u606f\u901a\u5e38\u4f1a\u4f20\u8f93\u5230\u8c37\u6b4c\u5728\u7f8e\u56fd\u7684\u670d\u52a1\u5668\u5e76\u5b58\u50a8\u5728\u90a3\u91cc\u3002<\/p>\n<p>\u4f46\u662f\uff0c\u5982\u679c\u5728\u672c\u7f51\u7ad9\u4e0a\u6fc0\u6d3b\u4e86 IP \u533f\u540d\u5316\uff0c\u8c37\u6b4c\u5c06\u9996\u5148\u5728\u6b27\u76df\u6210\u5458\u56fd\u6216\u6b27\u6d32\u7ecf\u6d4e\u533a\u534f\u8bae\u7684\u5176\u4ed6\u7b7e\u7f72\u56fd\u622a\u65ad\u60a8\u7684 IP \u5730\u5740\u3002\u53ea\u6709\u5728\u7279\u6b8a\u60c5\u51b5\u4e0b\uff0c\u5b8c\u6574\u7684 IP \u5730\u5740\u624d\u4f1a\u88ab\u4f20\u9001\u5230\u8c37\u6b4c\u5728\u7f8e\u56fd\u7684\u670d\u52a1\u5668\u5e76\u5728\u90a3\u91cc\u88ab\u622a\u65ad\u3002\u8c37\u6b4c\u5c06\u4ee3\u8868\u672c\u7f51\u7ad9\u8fd0\u8425\u5546\u4f7f\u7528\u8fd9\u4e9b\u4fe1\u606f\u6765\u5206\u6790\u60a8\u5bf9\u672c\u7f51\u7ad9\u7684\u4f7f\u7528\u60c5\u51b5\uff0c\u7f16\u5236\u7f51\u7ad9\u6d3b\u52a8\u62a5\u544a\uff0c\u5e76\u4e3a\u7f51\u7ad9\u8fd0\u8425\u5546\u63d0\u4f9b\u4e0e\u7f51\u7ad9\u6d3b\u52a8\u548c\u4e92\u8054\u7f51\u4f7f\u7528\u76f8\u5173\u7684\u5176\u4ed6\u670d\u52a1\u3002<\/p>\n<p>\u4f5c\u4e3a\u8c37\u6b4c\u5206\u6790\u7684\u4e00\u90e8\u5206\uff0c\u60a8\u7684\u6d4f\u89c8\u5668\u4f20\u8f93\u7684 IP \u5730\u5740\u4e0d\u4f1a\u4e0e\u8c37\u6b4c\u7684\u5176\u4ed6\u6570\u636e\u5408\u5e76\u3002\u60a8\u53ef\u4ee5\u901a\u8fc7\u5728\u6d4f\u89c8\u5668\u4e0a\u9009\u62e9\u9002\u5f53\u7684\u8bbe\u7f6e\u6765\u62d2\u7edd\u4f7f\u7528 cookie\uff0c\u4f46\u8bf7\u6ce8\u610f\uff0c\u5982\u679c\u8fd9\u6837\u505a\uff0c\u60a8\u53ef\u80fd\u65e0\u6cd5\u4f7f\u7528\u672c\u7f51\u7ad9\u7684\u5168\u90e8\u529f\u80fd\u3002\u60a8\u4e5f\u53ef\u4ee5\u901a\u8fc7\u4e0b\u8f7d\u548c\u5b89\u88c5\u4ee5\u4e0b\u94fe\u63a5\u63d0\u4f9b\u7684\u6d4f\u89c8\u5668\u63d2\u4ef6\uff0c\u963b\u6b62\u8c37\u6b4c\u6536\u96c6\u7531 Cookie \u751f\u6210\u7684\u3001\u4e0e\u60a8\u4f7f\u7528\u672c\u7f51\u7ad9\u6709\u5173\u7684\u6570\u636e\uff08\u5305\u62ec\u60a8\u7684 IP \u5730\u5740\uff09\uff0c\u5e76\u963b\u6b62\u8c37\u6b4c\u5904\u7406\u8fd9\u4e9b\u6570\u636e\uff1atools.google.com\/dlpage\/gaoptout\u3002<\/p>\n<p>\u6709\u5173 Google \u9690\u79c1\u653f\u7b56\u548c Google Analytics \u7684\u66f4\u591a\u4fe1\u606f\uff0c\u8bf7\u8bbf\u95ee <a href=\"http:\/\/www.google.com\/analytics\/terms\/de.html\" target=\"_new\" rel=\"noopener\">www.google.com\/analytics\/terms\/de.html<\/a> \u6216 policies.google.com\/privacy\u3002<\/p>\n<h2>Youtube\uff1a<\/h2>\n<p>\u672c\u7f51\u7ad9\u4f7f\u7528\u7531 Google LLC \u63d0\u4f9b\u7684 YouTube \u89c6\u9891\u670d\u52a1\u3002\u64ad\u653e\u89c6\u9891\u65f6\uff0c\u4f1a\u4e0e YouTube \u670d\u52a1\u5668\u5efa\u7acb\u8fde\u63a5\u3002\u6709\u5173\u60a8\u8bbf\u95ee\u8fc7\u7684\u9875\u9762\u548c\u60a8\u7684 IP \u5730\u5740\u7684\u4fe1\u606f\u4f1a\u88ab\u4f20\u9001\u5230 YouTube\u3002<\/p>\n<p>\u5982\u679c\u60a8\u5728\u64ad\u653e YouTube \u89c6\u9891\u65f6\u767b\u5f55\u4e86\u60a8\u7684 YouTube \u5e10\u6237\uff0cYouTube \u4f1a\u5c06\u60a8\u7684\u51b2\u6d6a\u884c\u4e3a\u76f4\u63a5\u5206\u914d\u5230\u60a8\u7684\u4e2a\u4eba\u8d44\u6599\u4e2d\u3002\u5982\u679c\u60a8\u4e0d\u5e0c\u671b\u53d1\u751f\u8fd9\u79cd\u60c5\u51b5\uff0c\u60a8\u5e94\u8be5\u5728\u64ad\u653e YouTube \u89c6\u9891\u4e4b\u524d\u6ce8\u9500\u60a8\u7684 YouTube \u5e10\u6237\u3002<\/p>\n<p>\u6709\u5173 YouTube \u4f7f\u7528\u60a8\u7684\u6570\u636e\u7684\u66f4\u591a\u4fe1\u606f\uff0c\u8bf7\u53c2\u9605 YouTube \u7684\u9690\u79c1\u653f\u7b56\uff0c\u7f51\u5740\u662f policies.google.com\/privacy\u3002<\/p>\n<p>\u8bf7\u6ce8\u610f\uff0c\u672c\u9690\u79c1\u653f\u7b56\u4e0d\u63d0\u4f9b\u62c5\u4fdd\uff0c\u4e5f\u4e0d\u6784\u6210\u6cd5\u5f8b\u5efa\u8bae\u3002\u5efa\u8bae\u60a8\u5728\u5fc5\u8981\u65f6\u5bfb\u6c42\u6cd5\u5f8b\u5efa\u8bae\uff0c\u4ee5\u786e\u4fdd\u60a8\u7684\u9690\u79c1\u653f\u7b56\u7b26\u5408\u9002\u7528\u7684\u6cd5\u5f8b\u6cd5\u89c4\u3002<\/p>\n<p>\u672c\u9690\u79c1\u653f\u7b56\u6700\u540e\u66f4\u65b0\u4e8e 2023 \u5e74 7 \u6708\u3002<\/p>","protected":false},"excerpt":{"rendered":"<p>Allgemeine Hinweise: Die folgende Datenschutzerkl\u00e4rung gibt Ihnen einen \u00dcberblick dar\u00fcber, [&hellip;]<\/p>","protected":false},"author":1,"featured_media":0,"parent":0,"menu_order":0,"comment_status":"closed","ping_status":"closed","template":"100-width.php","meta":{"inline_featured_image":false,"footnotes":""},"class_list":["post-1081","page","type-page","status-publish","hentry"],"_links":{"self":[{"href":"https:\/\/palazzovetrano.it\/zh\/wp-json\/wp\/v2\/pages\/1081","targetHints":{"allow":["GET"]}}],"collection":[{"href":"https:\/\/palazzovetrano.it\/zh\/wp-json\/wp\/v2\/pages"}],"about":[{"href":"https:\/\/palazzovetrano.it\/zh\/wp-json\/wp\/v2\/types\/page"}],"author":[{"embeddable":true,"href":"https:\/\/palazzovetrano.it\/zh\/wp-json\/wp\/v2\/users\/1"}],"replies":[{"embeddable":true,"href":"https:\/\/palazzovetrano.it\/zh\/wp-json\/wp\/v2\/comments?post=1081"}],"version-history":[{"count":1,"href":"https:\/\/palazzovetrano.it\/zh\/wp-json\/wp\/v2\/pages\/1081\/revisions"}],"predecessor-version":[{"id":1082,"href":"https:\/\/palazzovetrano.it\/zh\/wp-json\/wp\/v2\/pages\/1081\/revisions\/1082"}],"wp:attachment":[{"href":"https:\/\/palazzovetrano.it\/zh\/wp-json\/wp\/v2\/media?parent=1081"}],"curies":[{"name":"wp","href":"https:\/\/api.w.org\/{rel}","templated":true}]}}