{"id":1081,"date":"2023-07-14T12:38:30","date_gmt":"2023-07-14T12:38:30","guid":{"rendered":"https:\/\/palazzovetrano.it\/?page_id=1081"},"modified":"2023-07-14T12:38:30","modified_gmt":"2023-07-14T12:38:30","slug":"datenschutz","status":"publish","type":"page","link":"https:\/\/palazzovetrano.it\/pl\/data-trpgettextoriginaldatenschutz\/","title":{"rendered":"Ochrona danych"},"content":{"rendered":"<p>Informacje og\u00f3lne:<\/p>\n<p>Poni\u017csza polityka prywatno\u015bci zawiera przegl\u0105d sposobu gromadzenia, przetwarzania i ochrony danych osobowych podczas korzystania z tej witryny. Dane osobowe to wszystkie dane, za pomoc\u0105 kt\u00f3rych mo\u017cna zidentyfikowa\u0107 u\u017cytkownika. Podstaw\u0119 prawn\u0105 ochrony danych mo\u017cna znale\u017a\u0107 w niemieckiej federalnej ustawie o ochronie danych (BDSG) i niemieckiej ustawie o telemediach (TMG).<\/p>\n<h2>Hosting (w Dogado):<\/h2>\n<p>Ta strona internetowa jest hostowana przez zewn\u0119trznego dostawc\u0119 us\u0142ug, Dogado GmbH. Us\u0142ugodawca zapewnia infrastruktur\u0119 techniczn\u0105 do dzia\u0142ania strony internetowej. W ramach przetwarzania gromadzone i przechowywane s\u0105 dane techniczne, takie jak adresy IP, czasy dost\u0119pu i informacje o u\u017cywanej przegl\u0105darce. Dane te s\u0105 wykorzystywane w celu zapewnienia sprawnego dzia\u0142ania strony internetowej i bezpiecze\u0144stwa danych.<\/p>\n<h2>Uwagi og\u00f3lne i informacje obowi\u0105zkowe:<\/h2>\n<p>Organ odpowiedzialny:<\/p>\n<p>Marc H\u00e4usgen<\/p>\n<p>Jagowstr. 4<\/p>\n<p>10555 Berlin Niemcy<\/p>\n<p>E-mail: <a href=\"mailto:contact@planBwagen.de\" target=\"_new\" rel=\"noopener\">contact@palazzovetrano.it<\/a><\/p>\n<p>Podstawa prawna przetwarzania danych: Przetwarzanie danych osobowych odbywa si\u0119 na podstawie zgody u\u017cytkownika (art. 6 ust. 1 lit. a RODO) i\/lub w celu wykonania umowy lub \u015brodk\u00f3w przedumownych (art. 6 ust. 1 lit. b RODO) i\/lub ze wzgl\u0119du na wymogi prawne (art. 6 ust. 1 lit. c RODO).<\/p>\n<p>Okres przechowywania: Dane osobowe b\u0119d\u0105 przechowywane tylko tak d\u0142ugo, jak jest to konieczne do realizacji danego celu lub do momentu wycofania zgody. Je\u015bli zastosowanie maj\u0105 ustawowe okresy przechowywania, dane b\u0119d\u0105 odpowiednio przechowywane.<\/p>\n<p>Gromadzenie danych na tej stronie:<\/p>\n<h2>Pliki cookie:<\/h2>\n<p>Ta strona u\u017cywa plik\u00f3w cookie. Pliki cookie to ma\u0142e pliki tekstowe, kt\u00f3re s\u0105 przechowywane na urz\u0105dzeniu ko\u0144cowym u\u017cytkownika i zawieraj\u0105 okre\u015blone informacje. S\u0142u\u017c\u0105 one do uczynienia strony internetowej bardziej przyjazn\u0105 dla u\u017cytkownika, skuteczn\u0105 i bezpieczn\u0105. U\u017cytkownik mo\u017ce ustawi\u0107 swoj\u0105 przegl\u0105dark\u0119 w taki spos\u00f3b, aby by\u0142 informowany o ustawieniach plik\u00f3w cookie i zezwala\u0142 na pliki cookie tylko w indywidualnych przypadkach, wyklucza\u0142 akceptacj\u0119 plik\u00f3w cookie w okre\u015blonych przypadkach lub og\u00f3lnie oraz aktywowa\u0142 automatyczne usuwanie plik\u00f3w cookie podczas zamykania przegl\u0105darki. W przypadku dezaktywacji plik\u00f3w cookie funkcjonalno\u015b\u0107 tej witryny mo\u017ce by\u0107 ograniczona.<\/p>\n<h2>Formularz kontaktowy:<\/h2>\n<p>W przypadku skorzystania z formularza kontaktowego na tej stronie internetowej wprowadzone dane b\u0119d\u0105 przechowywane w celu przetworzenia zapytania i ewentualnych dalszych pyta\u0144. Nie b\u0119dziemy przekazywa\u0107 tych danych bez zgody u\u017cytkownika.<\/p>\n<p>Zapytania przez e-mail, telefon lub faks:<\/p>\n<p>Je\u015bli u\u017cytkownik skontaktuje si\u0119 z nami za po\u015brednictwem poczty elektronicznej, telefonu lub faksu, jego dane b\u0119d\u0105 przechowywane i przetwarzane w celu przetworzenia zapytania i ewentualnych dalszych pyta\u0144.<\/p>\n<h2>Wtyczki medi\u00f3w spo\u0142eczno\u015bciowych:<\/h2>\n<p>Niniejsza witryna korzysta z wtyczek medi\u00f3w spo\u0142eczno\u015bciowych Facebook, YouTube, LinkedIn i Instagram, aby umo\u017cliwi\u0107 u\u017cytkownikowi udost\u0119pnianie tre\u015bci lub dost\u0119p do okre\u015blonych profili. Po wej\u015bciu na stron\u0119 tej witryny, kt\u00f3ra zawiera takie wtyczki, nawi\u0105zywane jest po\u0142\u0105czenie z serwerami odpowiedniej platformy medi\u00f3w spo\u0142eczno\u015bciowych. Na serwery przesy\u0142any jest mi\u0119dzy innymi adres IP u\u017cytkownika oraz informacje o odwiedzonej przez niego stronie. Je\u015bli u\u017cytkownik jest jednocze\u015bnie zalogowany na danej platformie, mo\u017ce ona przypisa\u0107 wizyt\u0119 do jego konta u\u017cytkownika. Wi\u0119cej informacji na temat wykorzystywania danych u\u017cytkownika przez platformy medi\u00f3w spo\u0142eczno\u015bciowych mo\u017cna znale\u017a\u0107 w politykach prywatno\u015bci odpowiednich dostawc\u00f3w.<\/p>\n<h2>Google Analytics:<\/h2>\n<p>Niniejsza witryna internetowa korzysta z Google Analytics, us\u0142ugi analizy ogl\u0105dalno\u015bci stron internetowych udost\u0119pnianej przez Google LLC. Google Analytics wykorzystuje pliki cookie, kt\u00f3re s\u0105 przechowywane na urz\u0105dzeniu u\u017cytkownika i umo\u017cliwiaj\u0105 analiz\u0119 korzystania z witryny przez u\u017cytkownika. Informacje generowane przez pliki cookie na temat korzystania z tej witryny s\u0105 zazwyczaj przesy\u0142ane na serwer Google w USA i tam przechowywane.<\/p>\n<p>Je\u015bli jednak anonimizacja IP zostanie aktywowana na tej stronie, adres IP u\u017cytkownika zostanie najpierw skr\u00f3cony przez Google w pa\u0144stwach cz\u0142onkowskich Unii Europejskiej lub w innych pa\u0144stwach-sygnatariuszach Porozumienia o Europejskim Obszarze Gospodarczym. Tylko w wyj\u0105tkowych przypadkach pe\u0142ny adres IP zostanie przes\u0142any na serwer Google w USA i tam skr\u00f3cony. W imieniu operatora tej witryny Google wykorzysta te informacje do analizy korzystania z witryny przez u\u017cytkownika, tworzenia raport\u00f3w dotycz\u0105cych aktywno\u015bci na stronie oraz \u015bwiadczenia operatorowi witryny innych us\u0142ug zwi\u0105zanych z aktywno\u015bci\u0105 na stronie i korzystaniem z Internetu.<\/p>\n<p>Adres IP przes\u0142any przez przegl\u0105dark\u0119 u\u017cytkownika w ramach Google Analytics nie zostanie po\u0142\u0105czony z innymi danymi Google. U\u017cytkownik mo\u017ce odm\u00f3wi\u0107 korzystania z plik\u00f3w cookie, wybieraj\u0105c odpowiednie ustawienia w przegl\u0105darce, jednak nale\u017cy pami\u0119ta\u0107, \u017ce w takim przypadku korzystanie z pe\u0142nej funkcjonalno\u015bci tej witryny mo\u017ce nie by\u0107 mo\u017cliwe. U\u017cytkownik mo\u017ce r\u00f3wnie\u017c uniemo\u017cliwi\u0107 Google gromadzenie danych generowanych przez pliki cookie i zwi\u0105zanych z korzystaniem przez niego ze strony internetowej (w tym adresu IP) oraz przetwarzanie tych danych przez Google, pobieraj\u0105c i instaluj\u0105c wtyczk\u0119 do przegl\u0105darki dost\u0119pn\u0105 pod nast\u0119puj\u0105cym linkiem: tools.google.com\/dlpage\/gaoptout.<\/p>\n<p>Wi\u0119cej informacji na temat polityki prywatno\u015bci Google i Google Analytics mo\u017cna znale\u017a\u0107 pod adresem <a href=\"http:\/\/www.google.com\/analytics\/terms\/de.html\" target=\"_new\" rel=\"noopener\">www.google.com\/analytics\/terms\/de.html<\/a> lub na stronie policies.google.com\/privacy.<\/p>\n<h2>YouTube:<\/h2>\n<p>Ta witryna korzysta z film\u00f3w z serwisu YouTube, us\u0142ugi \u015bwiadczonej przez Google LLC. Podczas odtwarzania film\u00f3w nawi\u0105zywane jest po\u0142\u0105czenie z serwerami YouTube. Informacje o odwiedzonej stronie i adresie IP u\u017cytkownika s\u0105 przesy\u0142ane do serwisu YouTube.<\/p>\n<p>Je\u015bli jeste\u015b zalogowany na swoje konto YouTube podczas odtwarzania filmu YouTube, YouTube mo\u017ce przypisa\u0107 Twoje zachowanie podczas surfowania bezpo\u015brednio do Twojego osobistego profilu. Je\u015bli nie chcesz, aby tak si\u0119 sta\u0142o, powiniene\u015b wylogowa\u0107 si\u0119 z konta YouTube przed odtworzeniem filmu YouTube.<\/p>\n<p>Wi\u0119cej informacji na temat wykorzystywania danych u\u017cytkownika przez YouTube mo\u017cna znale\u017a\u0107 w polityce prywatno\u015bci YouTube pod adresem policies.google.com\/privacy.<\/p>\n<p>Nale\u017cy pami\u0119ta\u0107, \u017ce niniejsza polityka prywatno\u015bci nie stanowi gwarancji ani porady prawnej. Zaleca si\u0119, aby w razie potrzeby zasi\u0119gn\u0105\u0107 porady prawnej w celu zapewnienia zgodno\u015bci polityki prywatno\u015bci z obowi\u0105zuj\u0105cymi przepisami prawa i regulacjami.<\/p>\n<p>Niniejsza polityka prywatno\u015bci zosta\u0142a ostatnio zaktualizowana w lipcu 2023 r.<\/p>","protected":false},"excerpt":{"rendered":"<p>Allgemeine Hinweise: Die folgende Datenschutzerkl\u00e4rung gibt Ihnen einen \u00dcberblick dar\u00fcber, [&hellip;]<\/p>","protected":false},"author":1,"featured_media":0,"parent":0,"menu_order":0,"comment_status":"closed","ping_status":"closed","template":"100-width.php","meta":{"inline_featured_image":false,"footnotes":""},"class_list":["post-1081","page","type-page","status-publish","hentry"],"_links":{"self":[{"href":"https:\/\/palazzovetrano.it\/pl\/wp-json\/wp\/v2\/pages\/1081","targetHints":{"allow":["GET"]}}],"collection":[{"href":"https:\/\/palazzovetrano.it\/pl\/wp-json\/wp\/v2\/pages"}],"about":[{"href":"https:\/\/palazzovetrano.it\/pl\/wp-json\/wp\/v2\/types\/page"}],"author":[{"embeddable":true,"href":"https:\/\/palazzovetrano.it\/pl\/wp-json\/wp\/v2\/users\/1"}],"replies":[{"embeddable":true,"href":"https:\/\/palazzovetrano.it\/pl\/wp-json\/wp\/v2\/comments?post=1081"}],"version-history":[{"count":1,"href":"https:\/\/palazzovetrano.it\/pl\/wp-json\/wp\/v2\/pages\/1081\/revisions"}],"predecessor-version":[{"id":1082,"href":"https:\/\/palazzovetrano.it\/pl\/wp-json\/wp\/v2\/pages\/1081\/revisions\/1082"}],"wp:attachment":[{"href":"https:\/\/palazzovetrano.it\/pl\/wp-json\/wp\/v2\/media?parent=1081"}],"curies":[{"name":"wp","href":"https:\/\/api.w.org\/{rel}","templated":true}]}}