{"id":1077,"date":"2023-07-14T12:30:41","date_gmt":"2023-07-14T12:30:41","guid":{"rendered":"https:\/\/palazzovetrano.it\/?page_id=1077"},"modified":"2025-08-26T14:28:08","modified_gmt":"2025-08-26T12:28:08","slug":"impressum","status":"publish","type":"page","link":"https:\/\/palazzovetrano.it\/pl\/data-trpgettextoriginalimpressum\/","title":{"rendered":"Nadruk"},"content":{"rendered":"<div class=\"fusion-fullwidth fullwidth-box fusion-builder-row-1 fusion-flex-container nonhundred-percent-fullwidth non-hundred-percent-height-scrolling\" style=\"--awb-border-radius-top-left:0px;--awb-border-radius-top-right:0px;--awb-border-radius-bottom-right:0px;--awb-border-radius-bottom-left:0px;--awb-flex-wrap:wrap;\" ><div class=\"fusion-builder-row fusion-row fusion-flex-align-items-flex-start fusion-flex-content-wrap\" style=\"max-width:1248px;margin-left: calc(-4% \/ 2 );margin-right: calc(-4% \/ 2 );\"><div class=\"fusion-layout-column fusion_builder_column fusion-builder-column-0 fusion_builder_column_1_1 1_1 fusion-flex-column\" style=\"--awb-bg-size:cover;--awb-width-large:100%;--awb-margin-top-large:0px;--awb-spacing-right-large:1.92%;--awb-margin-bottom-large:0px;--awb-spacing-left-large:1.92%;--awb-width-medium:100%;--awb-spacing-right-medium:1.92%;--awb-spacing-left-medium:1.92%;--awb-width-small:100%;--awb-spacing-right-small:1.92%;--awb-spacing-left-small:1.92%;\"><div class=\"fusion-column-wrapper fusion-flex-justify-content-flex-start fusion-content-layout-column\"><div class=\"fusion-text fusion-text-1\"><h2>Informacje zgodnie z \u00a7 5 TMG:<\/h2>\n<p>Marc H\u00e4usgen Jagowstr. 4 10555 Berlin Niemcy<\/p>\n<h2>Kontakt:<\/h2>\n<p>Telefon: 0173 2020810<\/p>\n<p>E-mail: <a href=\"mailto:info@palazzovetrano.it\">info@palazzovetrano.it<\/a><\/p>\n<p>Odpowiedzialny za tre\u015b\u0107 zgodnie z \u00a7 55 Abs. 2 RStV:<\/p>\n<p>Marc H\u00e4usgen<\/p>\n<p>Jagowstr. 4<\/p>\n<p>10555 Berlin<\/p>\n<p>Niemcy<\/p>\n<h2>Uwaga:<\/h2>\n<p>Je\u015bli pomimo starannej kontroli natrafisz na tre\u015bci naruszaj\u0105ce Twoje prawa lub w jakikolwiek spos\u00f3b niezgodne z prawem, prosimy o niezw\u0142oczne poinformowanie nas o tym, aby\u015bmy mogli jak najszybciej usun\u0105\u0107 takie tre\u015bci.<\/p>\n<p>Informacje na tej stronie internetowej zosta\u0142y starannie sprawdzone i s\u0105 regularnie aktualizowane. Nie udzielamy jednak gwarancji na kompletno\u015b\u0107, poprawno\u015b\u0107 i aktualno\u015b\u0107 informacji. Roszczenia z tytu\u0142u odpowiedzialno\u015bci wobec Marc H\u00e4usgen dotycz\u0105ce szk\u00f3d materialnych lub niematerialnych spowodowanych wykorzystaniem lub niewykorzystaniem udost\u0119pnionych informacji lub wykorzystaniem nieprawid\u0142owych lub niekompletnych informacji s\u0105 zasadniczo wykluczone.<\/p>\n<p>Nale\u017cy pami\u0119ta\u0107, \u017ce wszystkie teksty, zdj\u0119cia i grafiki, a tak\u017ce ich aran\u017cacje - o ile nie zaznaczono inaczej - zosta\u0142y stworzone przez samego Marca H\u00e4usgena i podlegaj\u0105 ochronie praw autorskich.<\/p>\n<p>O ile tre\u015bci na tej stronie nie zosta\u0142y stworzone przez operatora, prawa autorskie os\u00f3b trzecich s\u0105 przestrzegane. W szczeg\u00f3lno\u015bci tre\u015bci os\u00f3b trzecich s\u0105 oznaczone jako takie. Je\u015bli mimo to dowiesz si\u0119 o naruszeniu praw autorskich, poinformuj nas o tym. Je\u015bli dowiemy si\u0119 o jakichkolwiek naruszeniach, niezw\u0142ocznie usuniemy takie tre\u015bci.<\/p>\n<h2>Rozstrzyganie spor\u00f3w w UE<\/h2>\n<p>Komisja Europejska zapewnia platform\u0119 internetowego rozstrzygania spor\u00f3w (OS): <a href=\"https:\/\/ec.europa.eu\/consumers\/odr\/\" target=\"_blank\" rel=\"noopener noreferrer\">https:\/\/ec.europa.eu\/consumers\/odr\/<\/a>.<br \/>\nNasz adres e-mail mo\u017cna znale\u017a\u0107 w powy\u017cszej nocie prawnej.<\/p>\n<h2>Rozstrzyganie spor\u00f3w konsumenckich\/uniwersalne centrum arbitra\u017cowe<\/h2>\n<p>Nie jeste\u015bmy sk\u0142onni ani zobowi\u0105zani do udzia\u0142u w post\u0119powaniu rozstrzygaj\u0105cym spory przed komisj\u0105 arbitra\u017cow\u0105 ds. konsument\u00f3w.<\/p>\n<p>Status: lipiec 2023 r.<\/p>\n<\/div><\/div><\/div><\/div><\/div>","protected":false},"excerpt":{"rendered":"","protected":false},"author":1,"featured_media":0,"parent":0,"menu_order":0,"comment_status":"closed","ping_status":"closed","template":"100-width.php","meta":{"inline_featured_image":false,"footnotes":""},"class_list":["post-1077","page","type-page","status-publish","hentry"],"_links":{"self":[{"href":"https:\/\/palazzovetrano.it\/pl\/wp-json\/wp\/v2\/pages\/1077","targetHints":{"allow":["GET"]}}],"collection":[{"href":"https:\/\/palazzovetrano.it\/pl\/wp-json\/wp\/v2\/pages"}],"about":[{"href":"https:\/\/palazzovetrano.it\/pl\/wp-json\/wp\/v2\/types\/page"}],"author":[{"embeddable":true,"href":"https:\/\/palazzovetrano.it\/pl\/wp-json\/wp\/v2\/users\/1"}],"replies":[{"embeddable":true,"href":"https:\/\/palazzovetrano.it\/pl\/wp-json\/wp\/v2\/comments?post=1077"}],"version-history":[{"count":4,"href":"https:\/\/palazzovetrano.it\/pl\/wp-json\/wp\/v2\/pages\/1077\/revisions"}],"predecessor-version":[{"id":2697,"href":"https:\/\/palazzovetrano.it\/pl\/wp-json\/wp\/v2\/pages\/1077\/revisions\/2697"}],"wp:attachment":[{"href":"https:\/\/palazzovetrano.it\/pl\/wp-json\/wp\/v2\/media?parent=1077"}],"curies":[{"name":"wp","href":"https:\/\/api.w.org\/{rel}","templated":true}]}}