{"id":1077,"date":"2023-07-14T12:30:41","date_gmt":"2023-07-14T12:30:41","guid":{"rendered":"https:\/\/palazzovetrano.it\/?page_id=1077"},"modified":"2025-08-26T14:28:08","modified_gmt":"2025-08-26T12:28:08","slug":"impressum","status":"publish","type":"page","link":"https:\/\/palazzovetrano.it\/nl\/opdruk\/","title":{"rendered":"Afdruk"},"content":{"rendered":"<div class=\"fusion-fullwidth fullwidth-box fusion-builder-row-1 fusion-flex-container nonhundred-percent-fullwidth non-hundred-percent-height-scrolling\" style=\"--awb-border-radius-top-left:0px;--awb-border-radius-top-right:0px;--awb-border-radius-bottom-right:0px;--awb-border-radius-bottom-left:0px;--awb-flex-wrap:wrap;\" ><div class=\"fusion-builder-row fusion-row fusion-flex-align-items-flex-start fusion-flex-content-wrap\" style=\"max-width:1248px;margin-left: calc(-4% \/ 2 );margin-right: calc(-4% \/ 2 );\"><div class=\"fusion-layout-column fusion_builder_column fusion-builder-column-0 fusion_builder_column_1_1 1_1 fusion-flex-column\" style=\"--awb-bg-size:cover;--awb-width-large:100%;--awb-margin-top-large:0px;--awb-spacing-right-large:1.92%;--awb-margin-bottom-large:0px;--awb-spacing-left-large:1.92%;--awb-width-medium:100%;--awb-spacing-right-medium:1.92%;--awb-spacing-left-medium:1.92%;--awb-width-small:100%;--awb-spacing-right-small:1.92%;--awb-spacing-left-small:1.92%;\"><div class=\"fusion-column-wrapper fusion-flex-justify-content-flex-start fusion-content-layout-column\"><div class=\"fusion-text fusion-text-1\"><h2>Informatie volgens \u00a7 5 TMG:<\/h2>\n<p>Marc H\u00e4usgen Jagowstr. 4 10555 Berlijn Duitsland<\/p>\n<h2>Contact:<\/h2>\n<p>Telefoon: 0173 2020810<\/p>\n<p>E-mail: <a href=\"mailto:info@palazzovetrano.it\">info@palazzovetrano.it<\/a><\/p>\n<p>Verantwoordelijk voor de inhoud volgens \u00a7 55 lid 2 RStV:<\/p>\n<p>Marc H\u00e4usgen<\/p>\n<p>Jagowstr. 4<\/p>\n<p>10555 Berlijn<\/p>\n<p>Duitsland<\/p>\n<h2>Hint:<\/h2>\n<p>Als u, ondanks onze zorgvuldige controles, inhoud tegenkomt die uw rechten schendt of op enigerlei wijze illegaal is, laat het ons dan onmiddellijk weten zodat we deze inhoud zo snel mogelijk kunnen verwijderen.<\/p>\n<p>De informatie op deze website is zorgvuldig gecontroleerd en wordt regelmatig bijgewerkt. Er wordt echter geen garantie gegeven voor de volledigheid, juistheid en actualiteit van de informatie. Aansprakelijkheidsclaims tegen Marc H\u00e4usgen, die betrekking hebben op materi\u00eble of ide\u00eble schade, die door het gebruik of niet-gebruik van de aangeboden informatie of door het gebruik van foutieve en onvolledige informatie veroorzaakt werd, zijn principieel uitgesloten.<\/p>\n<p>Houd er rekening mee dat alle teksten, afbeeldingen en grafieken en hun arrangementen - tenzij anders aangegeven - door Marc H\u00e4usgen zelf zijn gemaakt en onderhevig zijn aan auteursrechtelijke bescherming.<\/p>\n<p>Voor zover de inhoud op deze pagina niet door de exploitant is gemaakt, worden de auteursrechten van derden gerespecteerd. In het bijzonder wordt inhoud van derden als zodanig aangeduid. Mocht u desondanks kennis krijgen van een schending van het auteursrecht, dan verzoeken wij u ons hiervan op de hoogte te stellen. Als wij op de hoogte worden gesteld van inbreuken, zullen wij dergelijke inhoud onmiddellijk verwijderen.<\/p>\n<h2>EU-geschillenbeslechting<\/h2>\n<p>De Europese Commissie biedt een platform voor online geschillenbeslechting (ODR): <a href=\"https:\/\/ec.europa.eu\/consumers\/odr\/\" target=\"_blank\" rel=\"noopener noreferrer\">https:\/\/ec.europa.eu\/consumers\/odr\/<\/a>.<br \/>\nJe vindt ons e-mailadres in het impressum hierboven.<\/p>\n<h2>Geschillenbeslechting voor consumenten\/Universele Arbitragecommissie<\/h2>\n<p>We zijn niet bereid of verplicht om deel te nemen aan geschillenbeslechtingsprocedures voor een arbitragecommissie voor consumenten.<\/p>\n<p>Status: juli 2023<\/p>\n<\/div><\/div><\/div><\/div><\/div>","protected":false},"excerpt":{"rendered":"","protected":false},"author":1,"featured_media":0,"parent":0,"menu_order":0,"comment_status":"closed","ping_status":"closed","template":"100-width.php","meta":{"inline_featured_image":false,"footnotes":""},"class_list":["post-1077","page","type-page","status-publish","hentry"],"_links":{"self":[{"href":"https:\/\/palazzovetrano.it\/nl\/wp-json\/wp\/v2\/pages\/1077","targetHints":{"allow":["GET"]}}],"collection":[{"href":"https:\/\/palazzovetrano.it\/nl\/wp-json\/wp\/v2\/pages"}],"about":[{"href":"https:\/\/palazzovetrano.it\/nl\/wp-json\/wp\/v2\/types\/page"}],"author":[{"embeddable":true,"href":"https:\/\/palazzovetrano.it\/nl\/wp-json\/wp\/v2\/users\/1"}],"replies":[{"embeddable":true,"href":"https:\/\/palazzovetrano.it\/nl\/wp-json\/wp\/v2\/comments?post=1077"}],"version-history":[{"count":4,"href":"https:\/\/palazzovetrano.it\/nl\/wp-json\/wp\/v2\/pages\/1077\/revisions"}],"predecessor-version":[{"id":2697,"href":"https:\/\/palazzovetrano.it\/nl\/wp-json\/wp\/v2\/pages\/1077\/revisions\/2697"}],"wp:attachment":[{"href":"https:\/\/palazzovetrano.it\/nl\/wp-json\/wp\/v2\/media?parent=1077"}],"curies":[{"name":"wp","href":"https:\/\/api.w.org\/{rel}","templated":true}]}}