{"id":1081,"date":"2023-07-14T12:38:30","date_gmt":"2023-07-14T12:38:30","guid":{"rendered":"https:\/\/palazzovetrano.it\/?page_id=1081"},"modified":"2023-07-14T12:38:30","modified_gmt":"2023-07-14T12:38:30","slug":"datenschutz","status":"publish","type":"page","link":"https:\/\/palazzovetrano.it\/ja\/\u30c7\u30fc\u30bf\u4fdd\u8b77\/","title":{"rendered":"\u30c7\u30fc\u30bf\u4fdd\u8b77"},"content":{"rendered":"<p>\u7279\u8a18\u4e8b\u9805<\/p>\n<p>\u4ee5\u4e0b\u306e\u30d7\u30e9\u30a4\u30d0\u30b7\u30fc\u30dd\u30ea\u30b7\u30fc\u306f\u3001\u304a\u5ba2\u69d8\u304c\u5f53\u30a6\u30a7\u30d6\u30b5\u30a4\u30c8\u3092\u3054\u5229\u7528\u306b\u306a\u308b\u969b\u306b\u3001\u304a\u5ba2\u69d8\u306e\u500b\u4eba\u60c5\u5831\u304c\u3069\u306e\u3088\u3046\u306b\u53ce\u96c6\u3001\u51e6\u7406\u3001\u4fdd\u8b77\u3055\u308c\u308b\u304b\u3092\u8aac\u660e\u3059\u308b\u3082\u306e\u3067\u3059\u3002\u500b\u4eba\u30c7\u30fc\u30bf\u3068\u306f\u3001\u304a\u5ba2\u69d8\u500b\u4eba\u3092\u7279\u5b9a\u3067\u304d\u308b\u3042\u3089\u3086\u308b\u30c7\u30fc\u30bf\u3092\u6307\u3057\u307e\u3059\u3002\u30c7\u30fc\u30bf\u4fdd\u8b77\u306e\u6cd5\u7684\u6839\u62e0\u306f\u3001\u9023\u90a6\u30c7\u30fc\u30bf\u4fdd\u8b77\u6cd5\uff08BDSG\uff09\u304a\u3088\u3073\u30c6\u30ec\u30e1\u30c7\u30a3\u30a2\u6cd5\uff08TMG\uff09\u306b\u3042\u308a\u307e\u3059\u3002<\/p>\n<h2>\u4e3b\u50ac\uff08Dogado\u306b\u3066\uff09\uff1a<\/h2>\n<p>\u3053\u306e\u30a6\u30a7\u30d6\u30b5\u30a4\u30c8\u306f\u3001\u5916\u90e8\u306e\u30b5\u30fc\u30d3\u30b9\u30d7\u30ed\u30d0\u30a4\u30c0\u30fc\u3067\u3042\u308bDogado GmbH\u306b\u3088\u3063\u3066\u30db\u30b9\u30c8\u3055\u308c\u3066\u3044\u307e\u3059\u3002\u3053\u306e\u30b5\u30fc\u30d3\u30b9\u30d7\u30ed\u30d0\u30a4\u30c0\u30fc\u306f\u3001\u30a6\u30a7\u30d6\u30b5\u30a4\u30c8\u306e\u904b\u55b6\u306b\u5fc5\u8981\u306a\u6280\u8853\u30a4\u30f3\u30d5\u30e9\u3092\u63d0\u4f9b\u3057\u3066\u3044\u307e\u3059\u3002\u305d\u306e\u904e\u7a0b\u3067\u3001IP\u30a2\u30c9\u30ec\u30b9\u3001\u30a2\u30af\u30bb\u30b9\u6642\u9593\u3001\u4f7f\u7528\u30d6\u30e9\u30a6\u30b6\u306b\u95a2\u3059\u308b\u60c5\u5831\u306a\u3069\u306e\u6280\u8853\u30c7\u30fc\u30bf\u304c\u53ce\u96c6\u30fb\u4fdd\u5b58\u3055\u308c\u307e\u3059\u3002\u3053\u306e\u30c7\u30fc\u30bf\u306f\u3001\u30a6\u30a7\u30d6\u30b5\u30a4\u30c8\u306e\u5186\u6ed1\u306a\u904b\u55b6\u3068\u30c7\u30fc\u30bf\u306e\u5b89\u5168\u6027\u3092\u78ba\u4fdd\u3059\u308b\u305f\u3081\u306b\u4f7f\u7528\u3055\u308c\u307e\u3059\u3002<\/p>\n<h2>\u4e00\u822c\u7684\u306a\u6ce8\u610f\u4e8b\u9805\u3068\u5fc5\u9808\u60c5\u5831<\/h2>\n<p>\u8cac\u4efb\u3042\u308b\u6a5f\u95a2\uff1a<\/p>\n<p>\u30de\u30eb\u30af\u30fb\u30db\u30a4\u30b9\u30b2\u30f3<\/p>\n<p>\u30e4\u30b4\u30a6\u901a\u308a4<\/p>\n<p>10555 \u30d9\u30eb\u30ea\u30f3<\/p>\n<p>E\u30e1\u30fc\u30eb <a href=\"mailto:contact@planBwagen.de\" target=\"_new\" rel=\"noopener\">contact@palazzovetrano.it<\/a><\/p>\n<p>\u30c7\u30fc\u30bf\u51e6\u7406\u306e\u6cd5\u7684\u6839\u62e0\uff1a\u500b\u4eba\u60c5\u5831\u306f\u3001\u304a\u5ba2\u69d8\u306e\u540c\u610f\uff08\u7b2c6\u6761\u7b2c1\u9805a\u53f7DSGVO\uff09\u3001\u304a\u3088\u3073\uff0f\u307e\u305f\u306f\u5951\u7d04\u3082\u3057\u304f\u306f\u5951\u7d04\u524d\u306e\u63aa\u7f6e\uff08\u7b2c6\u6761\u7b2c1\u9805b\u53f7DSGVO\uff09\u3001\u304a\u3088\u3073\uff0f\u307e\u305f\u306f\u6cd5\u7684\u8981\u4ef6\uff08\u7b2c6\u6761\u7b2c1\u9805c\u53f7DSGVO\uff09\u306b\u57fa\u3065\u3044\u3066\u51e6\u7406\u3055\u308c\u307e\u3059\u3002<\/p>\n<p>\u4fdd\u5b58\u671f\u9593\uff1a\u500b\u4eba\u30c7\u30fc\u30bf\u306f\u3001\u305d\u308c\u305e\u308c\u306e\u76ee\u7684\u3092\u9054\u6210\u3059\u308b\u305f\u3081\u306b\u5fc5\u8981\u306a\u671f\u9593\u3001\u307e\u305f\u306f\u304a\u5ba2\u69d8\u304c\u540c\u610f\u3092\u53d6\u308a\u6d88\u3059\u307e\u3067\u306e\u9593\u306e\u307f\u4fdd\u5b58\u3055\u308c\u307e\u3059\u3002\u6cd5\u7684\u306a\u4fdd\u5b58\u671f\u9593\u304c\u5b58\u5728\u3059\u308b\u5834\u5408\u3001\u30c7\u30fc\u30bf\u306f\u305d\u308c\u306b\u5f93\u3063\u3066\u4fdd\u5b58\u3055\u308c\u307e\u3059\u3002<\/p>\n<p>\u3053\u306e\u30a6\u30a7\u30d6\u30b5\u30a4\u30c8\u3067\u306e\u30c7\u30fc\u30bf\u53ce\u96c6<\/p>\n<h2>\u30af\u30c3\u30ad\u30fc<\/h2>\n<p>\u3053\u306e\u30a6\u30a7\u30d6\u30b5\u30a4\u30c8\u306f\u30af\u30c3\u30ad\u30fc\u3092\u4f7f\u7528\u3057\u3066\u3044\u307e\u3059\u3002\u30af\u30c3\u30ad\u30fc\u306f\u3001\u304a\u5ba2\u69d8\u306e\u7aef\u672b\u6a5f\u5668\u306b\u4fdd\u5b58\u3055\u308c\u308b\u5c0f\u3055\u306a\u30c6\u30ad\u30b9\u30c8\u30d5\u30a1\u30a4\u30eb\u3067\u3001\u7279\u5b9a\u306e\u60c5\u5831\u3092\u542b\u3093\u3067\u3044\u307e\u3059\u3002\u30af\u30c3\u30ad\u30fc\u306f\u3001\u30a6\u30a7\u30d6\u30b5\u30a4\u30c8\u3092\u3088\u308a\u4f7f\u3044\u3084\u3059\u304f\u3001\u52b9\u679c\u7684\u3067\u5b89\u5168\u306a\u3082\u306e\u306b\u3059\u308b\u305f\u3081\u306b\u4f7f\u7528\u3055\u308c\u307e\u3059\u3002\u30d6\u30e9\u30a6\u30b6\u306e\u8a2d\u5b9a\u306b\u3088\u308a\u3001\u30af\u30c3\u30ad\u30fc\u306e\u8a2d\u5b9a\u306b\u3064\u3044\u3066\u901a\u77e5\u3057\u305f\u308a\u3001\u500b\u5225\u306e\u30b1\u30fc\u30b9\u3067\u306e\u307f\u30af\u30c3\u30ad\u30fc\u3092\u8a31\u53ef\u3057\u305f\u308a\u3001\u7279\u5b9a\u306e\u30b1\u30fc\u30b9\u307e\u305f\u306f\u4e00\u822c\u7684\u306b\u30af\u30c3\u30ad\u30fc\u306e\u53d7\u3051\u5165\u308c\u3092\u9664\u5916\u3057\u305f\u308a\u3001\u30d6\u30e9\u30a6\u30b6\u3092\u9589\u3058\u305f\u3068\u304d\u306b\u30af\u30c3\u30ad\u30fc\u306e\u81ea\u52d5\u524a\u9664\u3092\u6709\u52b9\u306b\u3057\u305f\u308a\u3059\u308b\u3053\u3068\u304c\u3067\u304d\u307e\u3059\u3002\u30af\u30c3\u30ad\u30fc\u3092\u7121\u52b9\u306b\u3057\u305f\u5834\u5408\u3001\u672c\u30a6\u30a7\u30d6\u30b5\u30a4\u30c8\u306e\u6a5f\u80fd\u304c\u5236\u9650\u3055\u308c\u308b\u3053\u3068\u304c\u3042\u308a\u307e\u3059\u3002<\/p>\n<h2>\u304a\u554f\u3044\u5408\u308f\u305b\u30d5\u30a9\u30fc\u30e0<\/h2>\n<p>\u672c\u30a6\u30a7\u30d6\u30b5\u30a4\u30c8\u306e\u304a\u554f\u3044\u5408\u308f\u305b\u30d5\u30a9\u30fc\u30e0\u3092\u3054\u5229\u7528\u306e\u5834\u5408\u3001\u5165\u529b\u3055\u308c\u305f\u30c7\u30fc\u30bf\u306f\u3001\u304a\u554f\u3044\u5408\u308f\u305b\u306e\u51e6\u7406\u304a\u3088\u3073\u305d\u306e\u5f8c\u306e\u8cea\u554f\u306e\u305f\u3081\u306b\u4fdd\u5b58\u3055\u308c\u307e\u3059\u3002\u3054\u672c\u4eba\u306e\u540c\u610f\u306a\u3057\u306b\u3001\u3053\u306e\u30c7\u30fc\u30bf\u3092\u8b72\u6e21\u3059\u308b\u3053\u3068\u306f\u3042\u308a\u307e\u305b\u3093\u3002<\/p>\n<p>E\u30e1\u30fc\u30eb\u3001\u96fb\u8a71\u3001\u30d5\u30a1\u30c3\u30af\u30b9\u3067\u304a\u7533\u3057\u8fbc\u307f\u304f\u3060\u3055\u3044\uff1a<\/p>\n<p>\u96fb\u5b50\u30e1\u30fc\u30eb\u3001\u96fb\u8a71\u3001\u30d5\u30a1\u30c3\u30af\u30b9\u3067\u304a\u554f\u3044\u5408\u308f\u305b\u3044\u305f\u3060\u3044\u305f\u5834\u5408\u3001\u304a\u5ba2\u69d8\u306e\u60c5\u5831\u306f\u3001\u304a\u554f\u3044\u5408\u308f\u305b\u306e\u51e6\u7406\u304a\u3088\u3073\u305d\u306e\u5f8c\u306e\u8cea\u554f\u306e\u305f\u3081\u306b\u4fdd\u5b58\u3001\u51e6\u7406\u3055\u308c\u307e\u3059\u3002<\/p>\n<h2>\u30bd\u30fc\u30b7\u30e3\u30eb\u30e1\u30c7\u30a3\u30a2\u30d7\u30e9\u30b0\u30a4\u30f3\uff1a<\/h2>\n<p>\u3053\u306e\u30a6\u30a7\u30d6\u30b5\u30a4\u30c8\u3067\u306f\u3001Facebook\u3001Youtube\u3001LinkedIn\u3001Instagram\u306e\u30bd\u30fc\u30b7\u30e3\u30eb\u30e1\u30c7\u30a3\u30a2\u30d7\u30e9\u30b0\u30a4\u30f3\u3092\u4f7f\u7528\u3057\u3066\u3001\u30b3\u30f3\u30c6\u30f3\u30c4\u306e\u5171\u6709\u3084\u7279\u5b9a\u306e\u30d7\u30ed\u30d5\u30a3\u30fc\u30eb\u3078\u306e\u30a2\u30af\u30bb\u30b9\u3092\u53ef\u80fd\u306b\u3057\u3066\u3044\u307e\u3059\u3002\u3053\u306e\u3088\u3046\u306a\u30d7\u30e9\u30b0\u30a4\u30f3\u3092\u542b\u3080\u672c\u30a6\u30a7\u30d6\u30b5\u30a4\u30c8\u306e\u30da\u30fc\u30b8\u306b\u30a2\u30af\u30bb\u30b9\u3059\u308b\u3068\u3001\u5404\u30bd\u30fc\u30b7\u30e3\u30eb\u30e1\u30c7\u30a3\u30a2\u30fb\u30d7\u30e9\u30c3\u30c8\u30d5\u30a9\u30fc\u30e0\u306e\u30b5\u30fc\u30d0\u30fc\u3078\u306e\u63a5\u7d9a\u304c\u78ba\u7acb\u3055\u308c\u307e\u3059\u3002\u7279\u306b\u3001\u304a\u5ba2\u69d8\u306eIP\u30a2\u30c9\u30ec\u30b9\u3068\u3069\u306e\u30da\u30fc\u30b8\u306b\u30a2\u30af\u30bb\u30b9\u3057\u305f\u304b\u306e\u60c5\u5831\u304c\u30b5\u30fc\u30d0\u30fc\u306b\u9001\u4fe1\u3055\u308c\u307e\u3059\u3002\u540c\u6642\u306b\u5404\u30d7\u30e9\u30c3\u30c8\u30d5\u30a9\u30fc\u30e0\u306b\u30ed\u30b0\u30a4\u30f3\u3057\u3066\u3044\u308b\u5834\u5408\u3001\u305d\u306e\u8a2a\u554f\u3092\u3042\u306a\u305f\u306e\u30e6\u30fc\u30b6\u30fc\u30a2\u30ab\u30a6\u30f3\u30c8\u306b\u5272\u308a\u5f53\u3066\u308b\u3053\u3068\u304c\u3067\u304d\u307e\u3059\u3002\u30bd\u30fc\u30b7\u30e3\u30eb\u30e1\u30c7\u30a3\u30a2\u30d7\u30e9\u30c3\u30c8\u30d5\u30a9\u30fc\u30e0\u306b\u3088\u308b\u304a\u5ba2\u69d8\u306e\u30c7\u30fc\u30bf\u306e\u4f7f\u7528\u306b\u95a2\u3059\u308b\u8a73\u7d30\u306b\u3064\u3044\u3066\u306f\u3001\u5404\u30d7\u30ed\u30d0\u30a4\u30c0\u30fc\u306e\u30c7\u30fc\u30bf\u4fdd\u8b77\u5ba3\u8a00\u3092\u53c2\u7167\u3057\u3066\u304f\u3060\u3055\u3044\u3002<\/p>\n<h2>\u30b0\u30fc\u30b0\u30eb\u30fb\u30a2\u30ca\u30ea\u30c6\u30a3\u30af\u30b9<\/h2>\n<p>\u672c\u30a6\u30a7\u30d6\u30b5\u30a4\u30c8\u3067\u306f\u3001Google LLC\u304c\u63d0\u4f9b\u3059\u308b\u30a6\u30a7\u30d6\u89e3\u6790\u30b5\u30fc\u30d3\u30b9\u300cGoogle Analytics\u300d\u3092\u5229\u7528\u3057\u3066\u3044\u307e\u3059\u3002Google\u30a2\u30ca\u30ea\u30c6\u30a3\u30af\u30b9\u306f\u3001\u304a\u5ba2\u69d8\u306e\u7aef\u672b\u306b\u4fdd\u5b58\u3055\u308c\u3001\u30a6\u30a7\u30d6\u30b5\u30a4\u30c8\u306e\u5229\u7528\u72b6\u6cc1\u306e\u5206\u6790\u3092\u53ef\u80fd\u306b\u3059\u308b\u30af\u30c3\u30ad\u30fc\u3092\u4f7f\u7528\u3057\u3066\u3044\u307e\u3059\u3002\u30af\u30c3\u30ad\u30fc\u306b\u3088\u3063\u3066\u751f\u6210\u3055\u308c\u305f\u304a\u5ba2\u69d8\u306e\u30a6\u30a7\u30d6\u30b5\u30a4\u30c8\u5229\u7528\u306b\u95a2\u3059\u308b\u60c5\u5831\u306f\u3001\u901a\u5e38\u3001\u7c73\u56fd\u306b\u3042\u308b\u30b0\u30fc\u30b0\u30eb\u306e\u30b5\u30fc\u30d0\u30fc\u306b\u9001\u4fe1\u3055\u308c\u3001\u305d\u3053\u306b\u4fdd\u5b58\u3055\u308c\u307e\u3059\u3002<\/p>\n<p>\u305f\u3060\u3057\u3001\u5f53\u30a6\u30a7\u30d6\u30b5\u30a4\u30c8\u3067IP\u30a2\u30c9\u30ec\u30b9\u306e\u533f\u540d\u5316\u304c\u6709\u52b9\u306b\u306a\u3063\u3066\u3044\u308b\u5834\u5408\u3001\u304a\u5ba2\u69d8\u306eIP\u30a2\u30c9\u30ec\u30b9\u306f\u3001\u6b27\u5dde\u9023\u5408\u52a0\u76df\u56fd\u307e\u305f\u306f\u6b27\u5dde\u7d4c\u6e08\u5730\u57df\u5354\u5b9a\u306e\u4ed6\u306e\u7de0\u7d04\u56fd\u306b\u304a\u3044\u3066\u3001Google\u306b\u3088\u3063\u3066\u4e8b\u524d\u306b\u5207\u308a\u6368\u3066\u3089\u308c\u307e\u3059\u3002\u4f8b\u5916\u7684\u306a\u5834\u5408\u306e\u307f\u3001\u5b8c\u5168\u306aIP\u30a2\u30c9\u30ec\u30b9\u304c\u7c73\u56fd\u306eGoogle\u30b5\u30fc\u30d0\u30fc\u306b\u9001\u4fe1\u3055\u308c\u3001\u305d\u3053\u3067\u77ed\u7e2e\u3055\u308c\u307e\u3059\u3002Google\u306f\u3001\u672c\u30a6\u30a7\u30d6\u30b5\u30a4\u30c8\u306e\u904b\u55b6\u8005\u306b\u4ee3\u308f\u3063\u3066\u3001\u304a\u5ba2\u69d8\u306e\u30a6\u30a7\u30d6\u30b5\u30a4\u30c8\u5229\u7528\u3092\u8a55\u4fa1\u3057\u3001\u30a6\u30a7\u30d6\u30b5\u30a4\u30c8\u306e\u30a2\u30af\u30c6\u30a3\u30d3\u30c6\u30a3\u306b\u95a2\u3059\u308b\u30ec\u30dd\u30fc\u30c8\u3092\u4f5c\u6210\u3057\u3001\u30a6\u30a7\u30d6\u30b5\u30a4\u30c8\u306e\u30a2\u30af\u30c6\u30a3\u30d3\u30c6\u30a3\u3084\u30a4\u30f3\u30bf\u30fc\u30cd\u30c3\u30c8\u5229\u7528\u306b\u95a2\u3059\u308b\u305d\u306e\u4ed6\u306e\u30b5\u30fc\u30d3\u30b9\u3092\u30a6\u30a7\u30d6\u30b5\u30a4\u30c8\u904b\u55b6\u8005\u306b\u63d0\u4f9b\u3059\u308b\u76ee\u7684\u3067\u3001\u3053\u306e\u60c5\u5831\u3092\u4f7f\u7528\u3057\u307e\u3059\u3002<\/p>\n<p>Google\u30a2\u30ca\u30ea\u30c6\u30a3\u30af\u30b9\u306e\u4e00\u90e8\u3068\u3057\u3066\u30d6\u30e9\u30a6\u30b6\u304b\u3089\u9001\u4fe1\u3055\u308c\u308bIP\u30a2\u30c9\u30ec\u30b9\u306f\u3001\u4ed6\u306eGoogle\u30c7\u30fc\u30bf\u3068\u7d71\u5408\u3055\u308c\u308b\u3053\u3068\u306f\u3042\u308a\u307e\u305b\u3093\u3002\u30d6\u30e9\u30a6\u30b6\u306e\u9069\u5207\u306a\u8a2d\u5b9a\u3092\u9078\u629e\u3059\u308b\u3053\u3068\u3067\u3001\u30af\u30c3\u30ad\u30fc\u306e\u4f7f\u7528\u3092\u62d2\u5426\u3059\u308b\u3053\u3068\u304c\u3067\u304d\u307e\u3059\u304c\u3001\u305d\u306e\u5834\u5408\u3001\u672c\u30a6\u30a7\u30d6\u30b5\u30a4\u30c8\u306e\u3059\u3079\u3066\u306e\u6a5f\u80fd\u3092\u4f7f\u7528\u3067\u304d\u306a\u304f\u306a\u308b\u53ef\u80fd\u6027\u304c\u3042\u308a\u307e\u3059\u306e\u3067\u3054\u6ce8\u610f\u304f\u3060\u3055\u3044\u3002\u307e\u305f\u3001tools.google.com\/dlpage\/gaoptout\u3067\u5229\u7528\u53ef\u80fd\u306a\u30d6\u30e9\u30a6\u30b6\u30d7\u30e9\u30b0\u30a4\u30f3\u3092\u30c0\u30a6\u30f3\u30ed\u30fc\u30c9\u3057\u3066\u30a4\u30f3\u30b9\u30c8\u30fc\u30eb\u3059\u308b\u3053\u3068\u3067\u3001Google\u306b\u3088\u308b\u30af\u30c3\u30ad\u30fc\u306b\u3088\u3063\u3066\u751f\u6210\u3055\u308c\u305f\u30c7\u30fc\u30bf\u304a\u3088\u3073\u30a6\u30a7\u30d6\u30b5\u30a4\u30c8\u306e\u5229\u7528\u306b\u95a2\u9023\u3059\u308b\u30c7\u30fc\u30bf\uff08IP\u30a2\u30c9\u30ec\u30b9\u3092\u542b\u3080\uff09\u306e\u53ce\u96c6\u3001\u304a\u3088\u3073Google\u306b\u3088\u308b\u3053\u306e\u30c7\u30fc\u30bf\u306e\u51e6\u7406\u3092\u9632\u6b62\u3059\u308b\u3053\u3068\u304c\u3067\u304d\u307e\u3059\u3002<\/p>\n<p>Google\u306e\u30d7\u30e9\u30a4\u30d0\u30b7\u30fc\u30dd\u30ea\u30b7\u30fc\u304a\u3088\u3073Google Analytics\u306b\u95a2\u3059\u308b\u8a73\u7d30\u306f\u3001\u3053\u3061\u3089\u3092\u3054\u89a7\u304f\u3060\u3055\u3044\uff1a <a href=\"http:\/\/www.google.com\/analytics\/terms\/de.html\" target=\"_new\" rel=\"noopener\">www.google.com\/analytics\/terms\/de.html<\/a> \u307e\u305f\u306fpolicy.google.com\/privacy\u3092\u3054\u89a7\u304f\u3060\u3055\u3044\u3002<\/p>\n<h2>Youtube\uff1a<\/h2>\n<p>\u3053\u306e\u30a6\u30a7\u30d6\u30b5\u30a4\u30c8\u3067\u306f\u3001Google LLC\u306e\u30b5\u30fc\u30d3\u30b9\u3067\u3042\u308bYoutube\u306e\u52d5\u753b\u3092\u4f7f\u7528\u3057\u3066\u3044\u307e\u3059\u3002\u52d5\u753b\u3092\u518d\u751f\u3059\u308b\u969b\u3001Youtube\u30b5\u30fc\u30d0\u30fc\u3078\u306e\u63a5\u7d9a\u304c\u78ba\u7acb\u3055\u308c\u307e\u3059\u3002\u305d\u306e\u969b\u3001\u304a\u5ba2\u69d8\u304c\u95b2\u89a7\u3057\u305f\u30da\u30fc\u30b8\u306b\u95a2\u3059\u308b\u60c5\u5831\u3068\u304a\u5ba2\u69d8\u306eIP\u30a2\u30c9\u30ec\u30b9\u304cYoutube\u306b\u9001\u4fe1\u3055\u308c\u307e\u3059\u3002<\/p>\n<p>Youtube\u306e\u52d5\u753b\u3092\u518d\u751f\u4e2d\u306bYoutube\u30a2\u30ab\u30a6\u30f3\u30c8\u306b\u30ed\u30b0\u30a4\u30f3\u3057\u3066\u3044\u308b\u5834\u5408\u3001Youtube\u306f\u3042\u306a\u305f\u306e\u30b5\u30fc\u30d5\u30a3\u30f3\u884c\u52d5\u3092\u76f4\u63a5\u3042\u306a\u305f\u306e\u500b\u4eba\u30d7\u30ed\u30d5\u30a3\u30fc\u30eb\u306b\u5272\u308a\u5f53\u3066\u308b\u3053\u3068\u304c\u3067\u304d\u307e\u3059\u3002\u3053\u308c\u3092\u671b\u307e\u306a\u3044\u5834\u5408\u306f\u3001Youtube\u30d3\u30c7\u30aa\u3092\u518d\u751f\u3059\u308b\u524d\u306bYoutube\u30a2\u30ab\u30a6\u30f3\u30c8\u304b\u3089\u30ed\u30b0\u30a2\u30a6\u30c8\u3057\u3066\u304f\u3060\u3055\u3044\u3002<\/p>\n<p>Youtube\u306b\u3088\u308b\u304a\u5ba2\u69d8\u306e\u30c7\u30fc\u30bf\u306e\u4f7f\u7528\u65b9\u6cd5\u306e\u8a73\u7d30\u306b\u3064\u3044\u3066\u306f\u3001policy.google.com\/privacy\u306b\u3042\u308bYoutube\u306e\u30d7\u30e9\u30a4\u30d0\u30b7\u30fc\u30dd\u30ea\u30b7\u30fc\u3092\u3054\u89a7\u304f\u3060\u3055\u3044\u3002<\/p>\n<p>\u672c\u30d7\u30e9\u30a4\u30d0\u30b7\u30fc\u30dd\u30ea\u30b7\u30fc\u306f\u7121\u4fdd\u8a3c\u3067\u3042\u308a\u3001\u6cd5\u7684\u52a9\u8a00\u3092\u69cb\u6210\u3059\u308b\u3082\u306e\u3067\u306f\u306a\u3044\u3053\u3068\u306b\u3054\u7559\u610f\u304f\u3060\u3055\u3044\u3002\u30d7\u30e9\u30a4\u30d0\u30b7\u30fc\u30dd\u30ea\u30b7\u30fc\u304c\u9069\u7528\u3055\u308c\u308b\u6cd5\u4ee4\u306b\u6e96\u62e0\u3057\u3066\u3044\u308b\u3053\u3068\u3092\u78ba\u8a8d\u3059\u308b\u305f\u3081\u3001\u5fc5\u8981\u306b\u5fdc\u3058\u3066\u6cd5\u7684\u52a9\u8a00\u3092\u6c42\u3081\u308b\u3053\u3068\u3092\u304a\u52e7\u3081\u3057\u307e\u3059\u3002<\/p>\n<p>\u3053\u306e\u30d7\u30e9\u30a4\u30d0\u30b7\u30fc\u30dd\u30ea\u30b7\u30fc\u306e\u6700\u7d42\u66f4\u65b0\u65e5\u306f2023\u5e747\u6708\u3067\u3059\u3002<\/p>","protected":false},"excerpt":{"rendered":"<p>Allgemeine Hinweise: Die folgende Datenschutzerkl\u00e4rung gibt Ihnen einen \u00dcberblick dar\u00fcber, [&hellip;]<\/p>","protected":false},"author":1,"featured_media":0,"parent":0,"menu_order":0,"comment_status":"closed","ping_status":"closed","template":"100-width.php","meta":{"inline_featured_image":false,"footnotes":""},"class_list":["post-1081","page","type-page","status-publish","hentry"],"_links":{"self":[{"href":"https:\/\/palazzovetrano.it\/ja\/wp-json\/wp\/v2\/pages\/1081","targetHints":{"allow":["GET"]}}],"collection":[{"href":"https:\/\/palazzovetrano.it\/ja\/wp-json\/wp\/v2\/pages"}],"about":[{"href":"https:\/\/palazzovetrano.it\/ja\/wp-json\/wp\/v2\/types\/page"}],"author":[{"embeddable":true,"href":"https:\/\/palazzovetrano.it\/ja\/wp-json\/wp\/v2\/users\/1"}],"replies":[{"embeddable":true,"href":"https:\/\/palazzovetrano.it\/ja\/wp-json\/wp\/v2\/comments?post=1081"}],"version-history":[{"count":1,"href":"https:\/\/palazzovetrano.it\/ja\/wp-json\/wp\/v2\/pages\/1081\/revisions"}],"predecessor-version":[{"id":1082,"href":"https:\/\/palazzovetrano.it\/ja\/wp-json\/wp\/v2\/pages\/1081\/revisions\/1082"}],"wp:attachment":[{"href":"https:\/\/palazzovetrano.it\/ja\/wp-json\/wp\/v2\/media?parent=1081"}],"curies":[{"name":"wp","href":"https:\/\/api.w.org\/{rel}","templated":true}]}}