{"id":1077,"date":"2023-07-14T12:30:41","date_gmt":"2023-07-14T12:30:41","guid":{"rendered":"https:\/\/palazzovetrano.it\/?page_id=1077"},"modified":"2025-08-26T14:28:08","modified_gmt":"2025-08-26T12:28:08","slug":"impressum","status":"publish","type":"page","link":"https:\/\/palazzovetrano.it\/it\/impronta\/","title":{"rendered":"Impronta"},"content":{"rendered":"<div class=\"fusion-fullwidth fullwidth-box fusion-builder-row-1 fusion-flex-container nonhundred-percent-fullwidth non-hundred-percent-height-scrolling\" style=\"--awb-border-radius-top-left:0px;--awb-border-radius-top-right:0px;--awb-border-radius-bottom-right:0px;--awb-border-radius-bottom-left:0px;--awb-flex-wrap:wrap;\" ><div class=\"fusion-builder-row fusion-row fusion-flex-align-items-flex-start fusion-flex-content-wrap\" style=\"max-width:1248px;margin-left: calc(-4% \/ 2 );margin-right: calc(-4% \/ 2 );\"><div class=\"fusion-layout-column fusion_builder_column fusion-builder-column-0 fusion_builder_column_1_1 1_1 fusion-flex-column\" style=\"--awb-bg-size:cover;--awb-width-large:100%;--awb-margin-top-large:0px;--awb-spacing-right-large:1.92%;--awb-margin-bottom-large:0px;--awb-spacing-left-large:1.92%;--awb-width-medium:100%;--awb-spacing-right-medium:1.92%;--awb-spacing-left-medium:1.92%;--awb-width-small:100%;--awb-spacing-right-small:1.92%;--awb-spacing-left-small:1.92%;\"><div class=\"fusion-column-wrapper fusion-flex-justify-content-flex-start fusion-content-layout-column\"><div class=\"fusion-text fusion-text-1\"><h2>Informazioni ai sensi del \u00a7 5 TMG:<\/h2>\n<p>Marc H\u00e4usgen Jagowstr. 4 10555 Berlino Germania<\/p>\n<h2>Contatto:<\/h2>\n<p>Telefono: 0173 2020810<\/p>\n<p>E-mail: <a href=\"mailto:info@palazzovetrano.it\">info@palazzovetrano.it<\/a><\/p>\n<p>Responsabile del contenuto ai sensi del \u00a7 55 comma 2 RStV:<\/p>\n<p>Marc H\u00e4usgen<\/p>\n<p>Jagowstr. 4<\/p>\n<p>10555 Berlino<\/p>\n<p>Germania<\/p>\n<h2>Suggerimento:<\/h2>\n<p>Se, nonostante i nostri accurati controlli, doveste imbattervi in contenuti che violano i vostri diritti o che sono in qualche modo illegali, vi preghiamo di informarci immediatamente in modo che possiamo rimuovere tali contenuti il pi\u00f9 rapidamente possibile.<\/p>\n<p>Le informazioni contenute in questo sito web sono state attentamente controllate e vengono regolarmente aggiornate. Tuttavia, non si garantisce la completezza, la correttezza e l'attualit\u00e0 delle informazioni. Le richieste di responsabilit\u00e0 nei confronti di Marc H\u00e4usgen, che si riferiscono a danni materiali o morali causati dall'uso o dal mancato uso delle informazioni fornite o dall'uso di informazioni errate e incomplete, sono fondamentalmente escluse.<\/p>\n<p>Si prega di notare che tutti i testi, le immagini e i grafici, cos\u00ec come la loro disposizione, se non diversamente indicato, sono stati creati da Marc H\u00e4usgen stesso e sono soggetti a tutela del diritto d'autore.<\/p>\n<p>Nella misura in cui i contenuti di questa pagina non sono stati creati dal gestore, vengono rispettati i diritti d'autore di terzi. In particolare, i contenuti di terzi sono identificati come tali. Se tuttavia doveste venire a conoscenza di una violazione del copyright, siete pregati di informarci. Qualora venissimo a conoscenza di violazioni, provvederemo a rimuovere immediatamente tali contenuti.<\/p>\n<h2>Risoluzione delle controversie nell'UE<\/h2>\n<p>La Commissione europea offre una piattaforma per la risoluzione delle controversie online (ODR): <a href=\"https:\/\/ec.europa.eu\/consumers\/odr\/\" target=\"_blank\" rel=\"noopener noreferrer\">https:\/\/ec.europa.eu\/consumers\/odr\/<\/a>.<br \/>\nIl nostro indirizzo e-mail \u00e8 riportato nel riquadro in alto.<\/p>\n<h2>Risoluzione delle controversie dei consumatori\/Consiglio arbitrale universale<\/h2>\n<p>Non siamo disposti o obbligati a partecipare a procedure di risoluzione delle controversie davanti a un collegio arbitrale dei consumatori.<\/p>\n<p>Stato: luglio 2023<\/p>\n<\/div><\/div><\/div><\/div><\/div>","protected":false},"excerpt":{"rendered":"","protected":false},"author":1,"featured_media":0,"parent":0,"menu_order":0,"comment_status":"closed","ping_status":"closed","template":"100-width.php","meta":{"inline_featured_image":false,"footnotes":""},"class_list":["post-1077","page","type-page","status-publish","hentry"],"_links":{"self":[{"href":"https:\/\/palazzovetrano.it\/it\/wp-json\/wp\/v2\/pages\/1077","targetHints":{"allow":["GET"]}}],"collection":[{"href":"https:\/\/palazzovetrano.it\/it\/wp-json\/wp\/v2\/pages"}],"about":[{"href":"https:\/\/palazzovetrano.it\/it\/wp-json\/wp\/v2\/types\/page"}],"author":[{"embeddable":true,"href":"https:\/\/palazzovetrano.it\/it\/wp-json\/wp\/v2\/users\/1"}],"replies":[{"embeddable":true,"href":"https:\/\/palazzovetrano.it\/it\/wp-json\/wp\/v2\/comments?post=1077"}],"version-history":[{"count":4,"href":"https:\/\/palazzovetrano.it\/it\/wp-json\/wp\/v2\/pages\/1077\/revisions"}],"predecessor-version":[{"id":2697,"href":"https:\/\/palazzovetrano.it\/it\/wp-json\/wp\/v2\/pages\/1077\/revisions\/2697"}],"wp:attachment":[{"href":"https:\/\/palazzovetrano.it\/it\/wp-json\/wp\/v2\/media?parent=1077"}],"curies":[{"name":"wp","href":"https:\/\/api.w.org\/{rel}","templated":true}]}}