{"id":1081,"date":"2023-07-14T12:38:30","date_gmt":"2023-07-14T12:38:30","guid":{"rendered":"https:\/\/palazzovetrano.it\/?page_id=1081"},"modified":"2023-07-14T12:38:30","modified_gmt":"2023-07-14T12:38:30","slug":"datenschutz","status":"publish","type":"page","link":"https:\/\/palazzovetrano.it\/fr\/protection-des-donnees\/","title":{"rendered":"Protection des donn\u00e9es"},"content":{"rendered":"<p>Remarques g\u00e9n\u00e9rales :<\/p>\n<p>La d\u00e9claration de confidentialit\u00e9 suivante vous donne un aper\u00e7u de la mani\u00e8re dont vos donn\u00e9es personnelles sont collect\u00e9es, trait\u00e9es et prot\u00e9g\u00e9es lorsque vous utilisez ce site web. Les donn\u00e9es personnelles sont toutes les donn\u00e9es qui permettent de vous identifier personnellement. Les bases juridiques de la protection des donn\u00e9es se trouvent dans la loi f\u00e9d\u00e9rale sur la protection des donn\u00e9es (BDSG) et la loi sur les t\u00e9l\u00e9m\u00e9dias (TMG).<\/p>\n<h2>H\u00e9bergement (chez Dogado) :<\/h2>\n<p>Ce site web est h\u00e9berg\u00e9 par un prestataire de services externe, Dogado GmbH. Le prestataire de services met \u00e0 disposition l'infrastructure technique pour l'exploitation du site web. Dans le cadre de ce traitement, des donn\u00e9es techniques telles que les adresses IP, les temps d'acc\u00e8s et les informations sur le navigateur utilis\u00e9 sont collect\u00e9es et enregistr\u00e9es. Ces donn\u00e9es servent \u00e0 garantir le bon fonctionnement du site web et la s\u00e9curit\u00e9 des donn\u00e9es.<\/p>\n<h2>Remarques g\u00e9n\u00e9rales et informations obligatoires :<\/h2>\n<p>Entit\u00e9 responsable :<\/p>\n<p>Marc H\u00e4usgen<\/p>\n<p>4, rue Jagow<\/p>\n<p>10555 Berlin Allemagne<\/p>\n<p>Courrier \u00e9lectronique : <a href=\"mailto:contact@planBwagen.de\" target=\"_new\" rel=\"noopener\">contact@palazzovetrano.it<\/a><\/p>\n<p>Base juridique du traitement des donn\u00e9es : le traitement des donn\u00e9es \u00e0 caract\u00e8re personnel est effectu\u00e9 sur la base de votre consentement (article 6, paragraphe 1, point a), du RGPD) et\/ou pour l'ex\u00e9cution d'un contrat ou de mesures pr\u00e9contractuelles (article 6, paragraphe 1, point b), du RGPD) et\/ou en vertu d'exigences l\u00e9gales (article 6, paragraphe 1, point c), du RGPD).<\/p>\n<p>Dur\u00e9e de conservation : les donn\u00e9es \u00e0 caract\u00e8re personnel ne sont conserv\u00e9es que le temps n\u00e9cessaire \u00e0 la r\u00e9alisation de l'objectif correspondant ou jusqu'\u00e0 ce que vous r\u00e9voquiez votre consentement. S'il existe des d\u00e9lais de conservation l\u00e9gaux, les donn\u00e9es sont conserv\u00e9es en cons\u00e9quence.<\/p>\n<p>Collecte de donn\u00e9es sur ce site :<\/p>\n<h2>Les cookies :<\/h2>\n<p>Ce site web utilise des cookies. Les cookies sont de petits fichiers texte qui sont enregistr\u00e9s sur votre terminal et qui contiennent certaines informations. Ils servent \u00e0 rendre le site web plus convivial, plus efficace et plus s\u00fbr. Vous pouvez configurer votre navigateur de mani\u00e8re \u00e0 \u00eatre inform\u00e9 de l'installation de cookies et \u00e0 n'autoriser les cookies qu'au cas par cas, \u00e0 exclure l'acceptation de cookies dans certains cas ou de mani\u00e8re g\u00e9n\u00e9rale, et \u00e0 activer la suppression automatique des cookies \u00e0 la fermeture du navigateur. En cas de d\u00e9sactivation des cookies, la fonctionnalit\u00e9 de ce site web peut \u00eatre limit\u00e9e.<\/p>\n<h2>Formulaire de contact :<\/h2>\n<p>Si vous utilisez le formulaire de contact sur ce site web, les donn\u00e9es que vous avez saisies sont enregistr\u00e9es pour le traitement de votre demande et pour d'\u00e9ventuelles questions de suivi. Nous ne transmettons pas ces donn\u00e9es sans votre consentement.<\/p>\n<p>Demande par e-mail, t\u00e9l\u00e9phone ou fax :<\/p>\n<p>Si vous nous contactez par e-mail, t\u00e9l\u00e9phone ou fax, vos donn\u00e9es seront enregistr\u00e9es et trait\u00e9es pour le traitement de la demande ainsi que pour d'\u00e9ventuelles questions de suivi.<\/p>\n<h2>Plugins de m\u00e9dias sociaux :<\/h2>\n<p>Ce site web utilise des plug-ins de m\u00e9dias sociaux de Facebook, Youtube, LinkedIn et Instagram pour vous permettre de partager des contenus ou d'acc\u00e9der \u00e0 certains profils. Lorsque vous consultez une page de ce site web qui contient de tels plugins, une connexion est \u00e9tablie avec les serveurs de la plate-forme de m\u00e9dias sociaux concern\u00e9e. \u00c0 cette occasion, votre adresse IP et les informations relatives \u00e0 la page que vous avez visit\u00e9e sont notamment transmises aux serveurs. Dans la mesure o\u00f9 vous \u00eates simultan\u00e9ment connect\u00e9 \u00e0 la plateforme concern\u00e9e, celle-ci peut attribuer la visite \u00e0 votre compte d'utilisateur. Pour plus d'informations sur l'utilisation de vos donn\u00e9es par les plateformes de m\u00e9dias sociaux, veuillez consulter les d\u00e9clarations de protection des donn\u00e9es des fournisseurs respectifs.<\/p>\n<h2>Google Analytics :<\/h2>\n<p>Ce site web utilise Google Analytics, un service d'analyse web de Google LLC. Google Analytics utilise des cookies qui sont enregistr\u00e9s sur votre terminal et permettent d'analyser l'utilisation du site web. Les informations g\u00e9n\u00e9r\u00e9es par le cookie concernant votre utilisation de ce site web sont g\u00e9n\u00e9ralement transmises \u00e0 un serveur de Google aux \u00c9tats-Unis et y sont enregistr\u00e9es.<\/p>\n<p>Si l'anonymisation IP est activ\u00e9e sur ce site, votre adresse IP sera toutefois pr\u00e9alablement abr\u00e9g\u00e9e par Google dans les \u00c9tats membres de l'Union europ\u00e9enne ou dans d'autres \u00c9tats signataires de l'accord sur l'Espace \u00e9conomique europ\u00e9en. Ce n'est que dans des cas exceptionnels que l'adresse IP compl\u00e8te est transmise \u00e0 un serveur de Google aux \u00c9tats-Unis et y est abr\u00e9g\u00e9e. Google utilisera ces informations pour le compte de l'exploitant de ce site web afin d'\u00e9valuer votre utilisation du site web, de compiler des rapports sur les activit\u00e9s du site web et de fournir \u00e0 l'exploitant du site web d'autres services li\u00e9s \u00e0 l'utilisation du site web et d'Internet.<\/p>\n<p>L'adresse IP transmise par votre navigateur dans le cadre de Google Analytics n'est pas recoup\u00e9e avec d'autres donn\u00e9es de Google. Vous pouvez emp\u00eacher l'enregistrement des cookies en param\u00e9trant votre logiciel de navigation en cons\u00e9quence ; nous attirons toutefois votre attention sur le fait que, dans ce cas, vous ne pourrez peut-\u00eatre pas utiliser toutes les fonctions de ce site web dans leur int\u00e9gralit\u00e9. Vous pouvez en outre emp\u00eacher la saisie par Google des donn\u00e9es g\u00e9n\u00e9r\u00e9es par le cookie et se rapportant \u00e0 votre utilisation du site web (y compris votre adresse IP) ainsi que le traitement de ces donn\u00e9es par Google en t\u00e9l\u00e9chargeant et en installant le plug-in de navigateur disponible sous le lien suivant : tools.google.com\/dlpage\/gaoptout.<\/p>\n<p>Pour plus d'informations sur les conditions de protection des donn\u00e9es de Google et de Google Analytics, veuillez consulter le site : <a href=\"http:\/\/www.google.com\/analytics\/terms\/de.html\" target=\"_new\" rel=\"noopener\">www.google.com\/analytics\/terms\/de.html<\/a> ou sous policies.google.com\/privacy.<\/p>\n<h2>Youtube :<\/h2>\n<p>Ce site web utilise des vid\u00e9os de Youtube, un service de Google LLC. Lors de la lecture des vid\u00e9os, une connexion est \u00e9tablie avec les serveurs de Youtube. Les informations relatives \u00e0 la page que vous avez visit\u00e9e ainsi que votre adresse IP sont alors transmises \u00e0 Youtube.<\/p>\n<p>Si vous \u00eates connect\u00e9 \u00e0 votre compte Youtube pendant la lecture d'une vid\u00e9o Youtube, Youtube peut associer directement votre comportement de navigation \u00e0 votre profil personnel. Si vous ne le souhaitez pas, vous devez vous d\u00e9connecter de votre compte Youtube avant de visionner une vid\u00e9o Youtube.<\/p>\n<p>Pour plus d'informations sur l'utilisation de vos donn\u00e9es par Youtube, veuillez consulter la d\u00e9claration de confidentialit\u00e9 de Youtube \u00e0 l'adresse policies.google.com\/privacy.<\/p>\n<p>Veuillez noter que cette d\u00e9claration de confidentialit\u00e9 est sans garantie et ne constitue pas un conseil juridique. Il est recommand\u00e9 de demander un avis juridique si n\u00e9cessaire afin de s'assurer que votre d\u00e9claration de confidentialit\u00e9 est conforme aux lois et r\u00e9glementations en vigueur.<\/p>\n<p>Cette d\u00e9claration de confidentialit\u00e9 a \u00e9t\u00e9 mise \u00e0 jour pour la derni\u00e8re fois en juillet 2023.<\/p>","protected":false},"excerpt":{"rendered":"<p>Allgemeine Hinweise: Die folgende Datenschutzerkl\u00e4rung gibt Ihnen einen \u00dcberblick dar\u00fcber, [&hellip;]<\/p>","protected":false},"author":1,"featured_media":0,"parent":0,"menu_order":0,"comment_status":"closed","ping_status":"closed","template":"100-width.php","meta":{"inline_featured_image":false,"footnotes":""},"class_list":["post-1081","page","type-page","status-publish","hentry"],"_links":{"self":[{"href":"https:\/\/palazzovetrano.it\/fr\/wp-json\/wp\/v2\/pages\/1081","targetHints":{"allow":["GET"]}}],"collection":[{"href":"https:\/\/palazzovetrano.it\/fr\/wp-json\/wp\/v2\/pages"}],"about":[{"href":"https:\/\/palazzovetrano.it\/fr\/wp-json\/wp\/v2\/types\/page"}],"author":[{"embeddable":true,"href":"https:\/\/palazzovetrano.it\/fr\/wp-json\/wp\/v2\/users\/1"}],"replies":[{"embeddable":true,"href":"https:\/\/palazzovetrano.it\/fr\/wp-json\/wp\/v2\/comments?post=1081"}],"version-history":[{"count":1,"href":"https:\/\/palazzovetrano.it\/fr\/wp-json\/wp\/v2\/pages\/1081\/revisions"}],"predecessor-version":[{"id":1082,"href":"https:\/\/palazzovetrano.it\/fr\/wp-json\/wp\/v2\/pages\/1081\/revisions\/1082"}],"wp:attachment":[{"href":"https:\/\/palazzovetrano.it\/fr\/wp-json\/wp\/v2\/media?parent=1081"}],"curies":[{"name":"wp","href":"https:\/\/api.w.org\/{rel}","templated":true}]}}