{"id":1077,"date":"2023-07-14T12:30:41","date_gmt":"2023-07-14T12:30:41","guid":{"rendered":"https:\/\/palazzovetrano.it\/?page_id=1077"},"modified":"2025-08-26T14:28:08","modified_gmt":"2025-08-26T12:28:08","slug":"impressum","status":"publish","type":"page","link":"https:\/\/palazzovetrano.it\/fr\/mentions-legales\/","title":{"rendered":"Mentions l\u00e9gales"},"content":{"rendered":"<div class=\"fusion-fullwidth fullwidth-box fusion-builder-row-1 fusion-flex-container nonhundred-percent-fullwidth non-hundred-percent-height-scrolling\" style=\"--awb-border-radius-top-left:0px;--awb-border-radius-top-right:0px;--awb-border-radius-bottom-right:0px;--awb-border-radius-bottom-left:0px;--awb-flex-wrap:wrap;\" ><div class=\"fusion-builder-row fusion-row fusion-flex-align-items-flex-start fusion-flex-content-wrap\" style=\"max-width:1248px;margin-left: calc(-4% \/ 2 );margin-right: calc(-4% \/ 2 );\"><div class=\"fusion-layout-column fusion_builder_column fusion-builder-column-0 fusion_builder_column_1_1 1_1 fusion-flex-column\" style=\"--awb-bg-size:cover;--awb-width-large:100%;--awb-margin-top-large:0px;--awb-spacing-right-large:1.92%;--awb-margin-bottom-large:0px;--awb-spacing-left-large:1.92%;--awb-width-medium:100%;--awb-spacing-right-medium:1.92%;--awb-spacing-left-medium:1.92%;--awb-width-small:100%;--awb-spacing-right-small:1.92%;--awb-spacing-left-small:1.92%;\"><div class=\"fusion-column-wrapper fusion-flex-justify-content-flex-start fusion-content-layout-column\"><div class=\"fusion-text fusion-text-1\"><h2>Informations selon \u00a7 5 TMG :<\/h2>\n<p>Marc H\u00e4usgen Jagowstr. 4 10555 Berlin Allemagne<\/p>\n<h2>Contact :<\/h2>\n<p>T\u00e9l\u00e9phone : 0173 2020810<\/p>\n<p>Courrier \u00e9lectronique : <a href=\"mailto:info@palazzovetrano.it\">info@palazzovetrano.it<\/a><\/p>\n<p>Responsable du contenu selon le \u00a7 55 Abs. 2 RStV :<\/p>\n<p>Marc H\u00e4usgen<\/p>\n<p>4, rue Jagow<\/p>\n<p>10555 Berlin<\/p>\n<p>Allemagne<\/p>\n<h2>Remarque :<\/h2>\n<p>Si, malgr\u00e9 notre contr\u00f4le minutieux, vous deviez tomber sur des contenus qui violent vos droits ou qui sont ill\u00e9gaux d'une mani\u00e8re ou d'une autre, nous vous prions de nous en informer imm\u00e9diatement afin que nous puissions supprimer les contenus en question dans les meilleurs d\u00e9lais.<\/p>\n<p>Les informations contenues dans ce site web ont \u00e9t\u00e9 soigneusement v\u00e9rifi\u00e9es et sont r\u00e9guli\u00e8rement mises \u00e0 jour. Toutefois, aucune garantie n'est donn\u00e9e quant \u00e0 l'exhaustivit\u00e9, l'exactitude et l'actualit\u00e9 des informations. Marc H\u00e4usgen ne peut en aucun cas \u00eatre tenu responsable des dommages mat\u00e9riels ou immat\u00e9riels caus\u00e9s par l'utilisation ou la non-utilisation des informations pr\u00e9sent\u00e9es ou par l'utilisation d'informations erron\u00e9es ou incompl\u00e8tes.<\/p>\n<p>Veuillez noter que tous les textes, images et graphiques ainsi que leurs arrangements - sauf indication contraire - ont \u00e9t\u00e9 cr\u00e9\u00e9s par Marc H\u00e4usgen lui-m\u00eame et sont soumis \u00e0 la protection des droits d'auteur.<\/p>\n<p>Dans la mesure o\u00f9 les contenus de ce site n'ont pas \u00e9t\u00e9 cr\u00e9\u00e9s par l'exploitant, les droits d'auteur de tiers sont respect\u00e9s. Les contenus de tiers sont notamment identifi\u00e9s comme tels. Si vous deviez n\u00e9anmoins constater une violation des droits d'auteur, nous vous prions de nous en informer. D\u00e8s la prise de connaissance d'une violation de la loi, nous supprimerons imm\u00e9diatement les contenus concern\u00e9s.<\/p>\n<h2>R\u00e8glement des litiges de l'UE<\/h2>\n<p>La Commission europ\u00e9enne met \u00e0 disposition une plateforme de r\u00e8glement en ligne des litiges (RLL) : <a href=\"https:\/\/ec.europa.eu\/consumers\/odr\/\" target=\"_blank\" rel=\"noopener noreferrer\">https:\/\/ec.europa.eu\/consumers\/odr\/<\/a>.<br \/>\nVous trouverez notre adresse e-mail en haut dans les mentions l\u00e9gales.<\/p>\n<h2>R\u00e8glement des litiges de consommation\/organisme de conciliation universel<\/h2>\n<p>Nous ne sommes pas pr\u00eats ou oblig\u00e9s de participer \u00e0 des proc\u00e9dures de r\u00e8glement des litiges devant un organisme de conciliation des consommateurs.<\/p>\n<p>Situation : juillet 2023<\/p>\n<\/div><\/div><\/div><\/div><\/div>","protected":false},"excerpt":{"rendered":"","protected":false},"author":1,"featured_media":0,"parent":0,"menu_order":0,"comment_status":"closed","ping_status":"closed","template":"100-width.php","meta":{"inline_featured_image":false,"footnotes":""},"class_list":["post-1077","page","type-page","status-publish","hentry"],"_links":{"self":[{"href":"https:\/\/palazzovetrano.it\/fr\/wp-json\/wp\/v2\/pages\/1077","targetHints":{"allow":["GET"]}}],"collection":[{"href":"https:\/\/palazzovetrano.it\/fr\/wp-json\/wp\/v2\/pages"}],"about":[{"href":"https:\/\/palazzovetrano.it\/fr\/wp-json\/wp\/v2\/types\/page"}],"author":[{"embeddable":true,"href":"https:\/\/palazzovetrano.it\/fr\/wp-json\/wp\/v2\/users\/1"}],"replies":[{"embeddable":true,"href":"https:\/\/palazzovetrano.it\/fr\/wp-json\/wp\/v2\/comments?post=1077"}],"version-history":[{"count":4,"href":"https:\/\/palazzovetrano.it\/fr\/wp-json\/wp\/v2\/pages\/1077\/revisions"}],"predecessor-version":[{"id":2697,"href":"https:\/\/palazzovetrano.it\/fr\/wp-json\/wp\/v2\/pages\/1077\/revisions\/2697"}],"wp:attachment":[{"href":"https:\/\/palazzovetrano.it\/fr\/wp-json\/wp\/v2\/media?parent=1077"}],"curies":[{"name":"wp","href":"https:\/\/api.w.org\/{rel}","templated":true}]}}