{"id":1081,"date":"2023-07-14T12:38:30","date_gmt":"2023-07-14T12:38:30","guid":{"rendered":"https:\/\/palazzovetrano.it\/?page_id=1081"},"modified":"2023-07-14T12:38:30","modified_gmt":"2023-07-14T12:38:30","slug":"datenschutz","status":"publish","type":"page","link":"https:\/\/palazzovetrano.it\/es\/proteccion-de-datos\/","title":{"rendered":"Protecci\u00f3n de datos"},"content":{"rendered":"<p>Notas generales:<\/p>\n<p>La siguiente pol\u00edtica de privacidad le ofrece una visi\u00f3n general de c\u00f3mo se recogen, procesan y protegen sus datos personales cuando utiliza este sitio web. Los datos personales son todos aquellos con los que se le puede identificar personalmente. La base jur\u00eddica para la protecci\u00f3n de datos se encuentra en la Ley Federal de Protecci\u00f3n de Datos (BDSG) y la Ley de Telemedios (TMG).<\/p>\n<h2>Alojamiento (en Dogado):<\/h2>\n<p>Este sitio web est\u00e1 alojado por un proveedor de servicios externo, Dogado GmbH. El proveedor de servicios proporciona la infraestructura t\u00e9cnica para el funcionamiento del sitio web. En el proceso, se recopilan y almacenan datos t\u00e9cnicos como direcciones IP, tiempos de acceso e informaci\u00f3n sobre el navegador utilizado. Estos datos se utilizan para garantizar el buen funcionamiento del sitio web y la seguridad de los datos.<\/p>\n<h2>Notas generales e informaci\u00f3n obligatoria:<\/h2>\n<p>Organismo responsable:<\/p>\n<p>Marc H\u00e4usgen<\/p>\n<p>Jagowstr. 4<\/p>\n<p>10555 Berl\u00edn Alemania<\/p>\n<p>Correo electr\u00f3nico: <a href=\"mailto:contact@planBwagen.de\" target=\"_new\" rel=\"noopener\">contact@palazzovetrano.it<\/a><\/p>\n<p>Base jur\u00eddica para el tratamiento de datos: Los datos personales se tratan sobre la base de su consentimiento (art. 6, apdo. 1 lit. a DSGVO) y\/o para cumplir un contrato o medidas precontractuales (art. 6, apdo. 1 lit. b DSGVO) y\/o debido a requisitos legales (art. 6, apdo. 1 lit. c DSGVO).<\/p>\n<p>Periodo de almacenamiento: Los datos personales s\u00f3lo se almacenan durante el tiempo necesario para lograr el prop\u00f3sito respectivo o hasta que usted revoque su consentimiento. Si existen periodos de conservaci\u00f3n legales, los datos se almacenar\u00e1n en consecuencia.<\/p>\n<p>Recogida de datos en este sitio web:<\/p>\n<h2>Galletas:<\/h2>\n<p>Este sitio web utiliza cookies. Las cookies son peque\u00f1os archivos de texto que se almacenan en su dispositivo terminal y contienen determinada informaci\u00f3n. Se utilizan para que el sitio web sea m\u00e1s f\u00e1cil de usar, eficaz y seguro. Usted puede configurar su navegador de modo que se le informe sobre la instalaci\u00f3n de cookies y permitirlas s\u00f3lo en casos individuales, excluir la aceptaci\u00f3n de cookies para determinados casos o en general y activar la eliminaci\u00f3n autom\u00e1tica de cookies al cerrar el navegador. Si desactiva las cookies, la funcionalidad de este sitio web puede verse limitada.<\/p>\n<h2>Formulario de contacto:<\/h2>\n<p>Si utiliza el formulario de contacto de este sitio web, los datos que introduzca se almacenar\u00e1n para procesar su consulta y para posibles preguntas de seguimiento. No transmitimos estos datos sin su consentimiento.<\/p>\n<p>Solicitud por correo electr\u00f3nico, tel\u00e9fono o fax:<\/p>\n<p>Si se pone en contacto con nosotros por correo electr\u00f3nico, tel\u00e9fono o fax, sus datos se almacenar\u00e1n y procesar\u00e1n con el fin de tramitar la consulta y para posibles preguntas de seguimiento.<\/p>\n<h2>Plugins de redes sociales:<\/h2>\n<p>Este sitio web utiliza plugins de redes sociales de Facebook, Youtube, LinkedIn e Instagram para permitirle compartir contenidos o acceder a perfiles espec\u00edficos. Cuando accede a una p\u00e1gina de este sitio web que contiene dichos plugins, se establece una conexi\u00f3n con los servidores de la plataforma de medios sociales correspondiente. En el proceso, su direcci\u00f3n IP y la informaci\u00f3n sobre qu\u00e9 p\u00e1gina ha visitado, entre otras cosas, se transmiten a los servidores. Si al mismo tiempo ha iniciado sesi\u00f3n en la plataforma correspondiente, \u00e9sta puede asignar la visita a su cuenta de usuario. Para m\u00e1s informaci\u00f3n sobre el uso de sus datos por parte de las plataformas de medios sociales, consulte las declaraciones de protecci\u00f3n de datos de los respectivos proveedores.<\/p>\n<h2>Google Analytics:<\/h2>\n<p>Este sitio web utiliza Google Analytics, un servicio anal\u00edtico de web prestado por Google LLC. Google Analytics utiliza cookies que se almacenan en su dispositivo terminal y permiten un an\u00e1lisis del uso del sitio web. La informaci\u00f3n que genera la cookie acerca de su uso de este sitio web se transmite generalmente a un servidor de Google en los EE.UU. y se almacena all\u00ed.<\/p>\n<p>No obstante, en caso de que se active la anonimizaci\u00f3n de IP en este sitio web, su direcci\u00f3n IP ser\u00e1 truncada previamente por Google dentro de los Estados miembros de la Uni\u00f3n Europea o en otros Estados contratantes del Acuerdo sobre el Espacio Econ\u00f3mico Europeo. S\u00f3lo en casos excepcionales se transmitir\u00e1 la direcci\u00f3n IP completa a un servidor de Google en EE.UU. y se acortar\u00e1 all\u00ed. En nombre del operador de este sitio web, Google usar\u00e1 esta informaci\u00f3n con el prop\u00f3sito de evaluar su uso del sitio web, recopilando informes de la actividad del sitio web y prestando otros servicios relacionados con la actividad del sitio web y el uso de Internet al operador del sitio web.<\/p>\n<p>La direcci\u00f3n IP transmitida por su navegador como parte de Google Analytics no se fusionar\u00e1 con otros datos de Google. Usted puede rechazar el uso de cookies mediante la selecci\u00f3n de la configuraci\u00f3n apropiada de su navegador, sin embargo, tenga en cuenta que si lo hace es posible que no pueda utilizar todas las funciones de este sitio web. Tambi\u00e9n puede evitar la recopilaci\u00f3n de datos generados por la cookie y relacionados con su uso del sitio web (incluida su direcci\u00f3n IP) por parte de Google, as\u00ed como el procesamiento de estos datos por parte de Google, descargando e instalando el complemento del navegador disponible en el siguiente enlace: tools.google.com\/dlpage\/gaoptout.<\/p>\n<p>Para obtener m\u00e1s informaci\u00f3n sobre la pol\u00edtica de privacidad de Google y Google Analytics, visite: <a href=\"http:\/\/www.google.com\/analytics\/terms\/de.html\" target=\"_new\" rel=\"noopener\">www.google.com\/analytics\/terms\/de.html<\/a> o en policies.google.com\/privacy.<\/p>\n<h2>Youtube:<\/h2>\n<p>Este sitio web utiliza v\u00eddeos de Youtube, un servicio de Google LLC. Al reproducir los v\u00eddeos, se establece una conexi\u00f3n con los servidores de Youtube. En el proceso, la informaci\u00f3n sobre la p\u00e1gina que ha visitado y su direcci\u00f3n IP se transmiten a Youtube.<\/p>\n<p>Si est\u00e1 conectado a su cuenta de Youtube mientras reproduce un v\u00eddeo de Youtube, Youtube puede asignar su comportamiento de navegaci\u00f3n directamente a su perfil personal. Si no desea esto, debe cerrar la sesi\u00f3n de su cuenta de Youtube antes de reproducir un v\u00eddeo de Youtube.<\/p>\n<p>Para obtener m\u00e1s informaci\u00f3n sobre c\u00f3mo Youtube utiliza sus datos, consulte la pol\u00edtica de privacidad de Youtube en policies.google.com\/privacy.<\/p>\n<p>Tenga en cuenta que esta pol\u00edtica de privacidad carece de garant\u00eda y no constituye asesoramiento jur\u00eddico. Se recomienda que busque asesoramiento legal si es necesario para asegurarse de que su pol\u00edtica de privacidad cumple con las leyes y reglamentos aplicables.<\/p>\n<p>Esta pol\u00edtica de privacidad se actualiz\u00f3 por \u00faltima vez en julio de 2023.<\/p>","protected":false},"excerpt":{"rendered":"<p>Allgemeine Hinweise: Die folgende Datenschutzerkl\u00e4rung gibt Ihnen einen \u00dcberblick dar\u00fcber, [&hellip;]<\/p>","protected":false},"author":1,"featured_media":0,"parent":0,"menu_order":0,"comment_status":"closed","ping_status":"closed","template":"100-width.php","meta":{"inline_featured_image":false,"footnotes":""},"class_list":["post-1081","page","type-page","status-publish","hentry"],"_links":{"self":[{"href":"https:\/\/palazzovetrano.it\/es\/wp-json\/wp\/v2\/pages\/1081","targetHints":{"allow":["GET"]}}],"collection":[{"href":"https:\/\/palazzovetrano.it\/es\/wp-json\/wp\/v2\/pages"}],"about":[{"href":"https:\/\/palazzovetrano.it\/es\/wp-json\/wp\/v2\/types\/page"}],"author":[{"embeddable":true,"href":"https:\/\/palazzovetrano.it\/es\/wp-json\/wp\/v2\/users\/1"}],"replies":[{"embeddable":true,"href":"https:\/\/palazzovetrano.it\/es\/wp-json\/wp\/v2\/comments?post=1081"}],"version-history":[{"count":1,"href":"https:\/\/palazzovetrano.it\/es\/wp-json\/wp\/v2\/pages\/1081\/revisions"}],"predecessor-version":[{"id":1082,"href":"https:\/\/palazzovetrano.it\/es\/wp-json\/wp\/v2\/pages\/1081\/revisions\/1082"}],"wp:attachment":[{"href":"https:\/\/palazzovetrano.it\/es\/wp-json\/wp\/v2\/media?parent=1081"}],"curies":[{"name":"wp","href":"https:\/\/api.w.org\/{rel}","templated":true}]}}