{"id":1077,"date":"2023-07-14T12:30:41","date_gmt":"2023-07-14T12:30:41","guid":{"rendered":"https:\/\/palazzovetrano.it\/?page_id=1077"},"modified":"2025-08-26T14:28:08","modified_gmt":"2025-08-26T12:28:08","slug":"impressum","status":"publish","type":"page","link":"https:\/\/palazzovetrano.it\/es\/imprimir\/","title":{"rendered":"Pie de imprenta"},"content":{"rendered":"<div class=\"fusion-fullwidth fullwidth-box fusion-builder-row-1 fusion-flex-container nonhundred-percent-fullwidth non-hundred-percent-height-scrolling\" style=\"--awb-border-radius-top-left:0px;--awb-border-radius-top-right:0px;--awb-border-radius-bottom-right:0px;--awb-border-radius-bottom-left:0px;--awb-flex-wrap:wrap;\" ><div class=\"fusion-builder-row fusion-row fusion-flex-align-items-flex-start fusion-flex-content-wrap\" style=\"max-width:1248px;margin-left: calc(-4% \/ 2 );margin-right: calc(-4% \/ 2 );\"><div class=\"fusion-layout-column fusion_builder_column fusion-builder-column-0 fusion_builder_column_1_1 1_1 fusion-flex-column\" style=\"--awb-bg-size:cover;--awb-width-large:100%;--awb-margin-top-large:0px;--awb-spacing-right-large:1.92%;--awb-margin-bottom-large:0px;--awb-spacing-left-large:1.92%;--awb-width-medium:100%;--awb-spacing-right-medium:1.92%;--awb-spacing-left-medium:1.92%;--awb-width-small:100%;--awb-spacing-right-small:1.92%;--awb-spacing-left-small:1.92%;\"><div class=\"fusion-column-wrapper fusion-flex-justify-content-flex-start fusion-content-layout-column\"><div class=\"fusion-text fusion-text-1\"><h2>Informaci\u00f3n conforme al art\u00edculo 5 de la TMG:<\/h2>\n<p>Marc H\u00e4usgen Jagowstr. 4 10555 Berl\u00edn Alemania<\/p>\n<h2>Contacto:<\/h2>\n<p>Tel\u00e9fono: 0173 2020810<\/p>\n<p>Correo electr\u00f3nico: <a href=\"mailto:info@palazzovetrano.it\">info@palazzovetrano.it<\/a><\/p>\n<p>Responsable del contenido seg\u00fan \u00a7 55 p\u00e1rrafo 2 RStV:<\/p>\n<p>Marc H\u00e4usgen<\/p>\n<p>Jagowstr. 4<\/p>\n<p>10555 Berl\u00edn<\/p>\n<p>Alemania<\/p>\n<h2>Pista:<\/h2>\n<p>Si, a pesar de nuestros minuciosos controles, encontrara contenidos que infringieran sus derechos o fueran ilegales de alg\u00fan modo, le rogamos que nos lo comunique inmediatamente para que podamos eliminarlos lo antes posible.<\/p>\n<p>La informaci\u00f3n de este sitio web se ha comprobado cuidadosamente y se actualiza con regularidad. No obstante, no se garantiza la integridad, exactitud y actualidad de la informaci\u00f3n. Quedan fundamentalmente excluidas las reclamaciones de responsabilidad contra Marc H\u00e4usgen que se refieran a da\u00f1os materiales o inmateriales causados por el uso o no uso de la informaci\u00f3n facilitada o por el uso de informaci\u00f3n incorrecta e incompleta.<\/p>\n<p>Tenga en cuenta que todos los textos, im\u00e1genes y gr\u00e1ficos, as\u00ed como sus arreglos -a menos que se indique lo contrario- han sido creados por el propio Marc H\u00e4usgen y est\u00e1n sujetos a la protecci\u00f3n de los derechos de autor.<\/p>\n<p>En la medida en que el contenido de esta p\u00e1gina no haya sido creado por el operador, se respetan los derechos de autor de terceros. En particular, los contenidos de terceros est\u00e1n identificados como tales. No obstante, si tiene conocimiento de una infracci\u00f3n de los derechos de autor, le rogamos que nos lo comunique. Si tenemos conocimiento de alguna infracci\u00f3n, eliminaremos inmediatamente dicho contenido.<\/p>\n<h2>Resoluci\u00f3n de litigios en la UE<\/h2>\n<p>La Comisi\u00f3n Europea ofrece una plataforma para la resoluci\u00f3n de litigios en l\u00ednea (ODR): <a href=\"https:\/\/ec.europa.eu\/consumers\/odr\/\" target=\"_blank\" rel=\"noopener noreferrer\">https:\/\/ec.europa.eu\/consumers\/odr\/<\/a>.<br \/>\nEncontrar\u00e1 nuestra direcci\u00f3n de correo electr\u00f3nico en el pie de imprenta.<\/p>\n<h2>Resoluci\u00f3n de litigios en materia de consumo\/Junta Arbitral Universal<\/h2>\n<p>No estamos dispuestos ni obligados a participar en un procedimiento de resoluci\u00f3n de litigios ante una junta arbitral de consumo.<\/p>\n<p>Situaci\u00f3n: julio de 2023<\/p>\n<\/div><\/div><\/div><\/div><\/div>","protected":false},"excerpt":{"rendered":"","protected":false},"author":1,"featured_media":0,"parent":0,"menu_order":0,"comment_status":"closed","ping_status":"closed","template":"100-width.php","meta":{"inline_featured_image":false,"footnotes":""},"class_list":["post-1077","page","type-page","status-publish","hentry"],"_links":{"self":[{"href":"https:\/\/palazzovetrano.it\/es\/wp-json\/wp\/v2\/pages\/1077","targetHints":{"allow":["GET"]}}],"collection":[{"href":"https:\/\/palazzovetrano.it\/es\/wp-json\/wp\/v2\/pages"}],"about":[{"href":"https:\/\/palazzovetrano.it\/es\/wp-json\/wp\/v2\/types\/page"}],"author":[{"embeddable":true,"href":"https:\/\/palazzovetrano.it\/es\/wp-json\/wp\/v2\/users\/1"}],"replies":[{"embeddable":true,"href":"https:\/\/palazzovetrano.it\/es\/wp-json\/wp\/v2\/comments?post=1077"}],"version-history":[{"count":4,"href":"https:\/\/palazzovetrano.it\/es\/wp-json\/wp\/v2\/pages\/1077\/revisions"}],"predecessor-version":[{"id":2697,"href":"https:\/\/palazzovetrano.it\/es\/wp-json\/wp\/v2\/pages\/1077\/revisions\/2697"}],"wp:attachment":[{"href":"https:\/\/palazzovetrano.it\/es\/wp-json\/wp\/v2\/media?parent=1077"}],"curies":[{"name":"wp","href":"https:\/\/api.w.org\/{rel}","templated":true}]}}